{"id":1272,"date":"2023-10-08T12:11:02","date_gmt":"2023-10-08T10:11:02","guid":{"rendered":"https:\/\/baosem.com\/site\/?page_id=1272"},"modified":"2023-11-13T09:03:45","modified_gmt":"2023-11-13T08:03:45","slug":"publireportage","status":"publish","type":"page","link":"https:\/\/baosem.com\/site\/publireportage\/","title":{"rendered":"PUBLIREPORTAGE"},"content":{"rendered":"<div class=\"vce-row-container\" data-vce-boxed-width=\"true\"><div class=\"vce-row vce-row--col-gap-30 vce-row-equal-height vce-row-content--top\" id=\"el-342dbdc4\" data-vce-do-apply=\"all el-342dbdc4\"><div class=\"vce-row-content\" data-vce-element-content=\"true\"><div class=\"vce-col vce-col--md-auto vce-col--xs-1 vce-col--xs-last vce-col--xs-first vce-col--sm-last vce-col--sm-first vce-col--md-last vce-col--lg-last vce-col--xl-last vce-col--md-first vce-col--lg-first vce-col--xl-first\" id=\"el-43d2cff6\"><div class=\"vce-col-inner\" data-vce-do-apply=\"border margin background  el-43d2cff6\"><div class=\"vce-col-content\" data-vce-element-content=\"true\" data-vce-do-apply=\"padding el-43d2cff6\"><div class=\"vce-text-block\"><div class=\"vce-text-block-wrapper vce\" id=\"el-e15b33ea\" data-vce-do-apply=\"all el-e15b33ea\"><p style=\"line-height: 1;\"><span style=\"font-size: 16pt; letter-spacing: 1px;\"><strong>Afin d\u2019exposer en d\u00e9tail les avantages de vos produits ou services,tout en donnant une image appr\u00e9ciable sur votre&nbsp; entreprise.Baosem vous propose de lancer une campagne de publireportage qui vous aidera \u00e0 pr\u00e9server votre notori\u00e9t\u00e9 en ajoutant une v\u00e9ritable valeur informative<\/strong><\/span><\/p><\/div><\/div><\/div><\/div><\/div><\/div><\/div><\/div><div class=\"vce-row-container\" data-vce-boxed-width=\"true\"><div class=\"vce-row vce-row--col-gap-30 vce-row-equal-height vce-row-content--top\" id=\"el-59e5a416\" data-vce-do-apply=\"all el-59e5a416\"><div class=\"vce-row-content\" data-vce-element-content=\"true\"><div class=\"vce-col vce-col--md-auto vce-col--xs-1 vce-col--xs-last vce-col--xs-first vce-col--sm-last vce-col--sm-first vce-col--md-last vce-col--lg-last vce-col--xl-last vce-col--md-first vce-col--lg-first vce-col--xl-first\" id=\"el-c48a46c8\"><div class=\"vce-col-inner\" data-vce-do-apply=\"border margin background  el-c48a46c8\"><div class=\"vce-col-content\" data-vce-element-content=\"true\" data-vce-do-apply=\"padding el-c48a46c8\"><div class=\"vce vce-separator-container vce-separator--align-center vce-separator--style-solid\" id=\"el-5a001a22\" data-vce-do-apply=\"margin el-5a001a22\"><div class=\"vce-separator vce-separator--color-bfc0c1 vce-separator--width-100 vce-separator--thickness-1\" data-vce-do-apply=\"border padding background  el-5a001a22\"><\/div><\/div><\/div><\/div><\/div><\/div><\/div><\/div><div class=\"vce-row-container\" data-vce-boxed-width=\"true\"><div class=\"vce-row vce-row--col-gap-30 vce-row-equal-height vce-row-content--top\" id=\"el-244df408\" data-vce-do-apply=\"all el-244df408\"><div class=\"vce-row-content\" data-vce-element-content=\"true\"><div class=\"vce-col vce-col--md-18p vce-col--xs-1 vce-col--xs-last vce-col--xs-first vce-col--sm-last vce-col--sm-first vce-col--md-first vce-col--lg-first vce-col--xl-first\" id=\"el-3a11f86b\"><div class=\"vce-col-inner\" data-vce-do-apply=\"border margin background  el-3a11f86b\"><div class=\"vce-col-content\" data-vce-element-content=\"true\" data-vce-do-apply=\"padding el-3a11f86b\"><div class=\"vce-single-image-container vce-single-image--align-center\"><div class=\"vce vce-single-image-wrapper\" id=\"el-abccdcdb\" data-vce-do-apply=\"all el-abccdcdb\"><figure><div class=\"vce-single-image-figure-inner\" style=\"width: 80px;\"><div class=\"vce-single-image-inner vce-single-image--absolute vce-single-image--border-rounded\" style=\"width: 100%; padding-bottom: 132.5%;\"><img loading=\"lazy\" decoding=\"async\" class=\"vce-single-image\"  width=\"80\" height=\"106\" srcset=\"https:\/\/baosem.com\/site\/wp-content\/uploads\/2023\/11\/01-00-30-32-80x106.jpg 80w\" src=\"https:\/\/baosem.com\/site\/wp-content\/uploads\/2023\/11\/01-00-30-32-80x106.jpg\" data-img-src=\"https:\/\/baosem.com\/site\/wp-content\/uploads\/2023\/10\/01-00-30-32.jpg\" alt=\"\" title=\"01 00 30 32\" \/><\/div><\/div><figcaption hidden=\"\"><\/figcaption><\/figure><\/div><\/div><\/div><\/div><\/div><div class=\"vce-col vce-col--md-28p vce-col--xs-1 vce-col--xs-last vce-col--xs-first vce-col--sm-last vce-col--sm-first\" id=\"el-b8edc85b\"><div class=\"vce-col-inner\" data-vce-do-apply=\"border margin background  el-b8edc85b\"><div class=\"vce-col-content\" data-vce-element-content=\"true\" data-vce-do-apply=\"padding el-b8edc85b\"><div class=\"vce-button--style-basic-icon-container vce vce-button--style-basic-icon-container--align-left\" id=\"el-07f307e2\" data-vce-do-apply=\"margin el-07f307e2\"><a class=\"vce-button vce-button--style-basic-icon vce-button--style-basic-icon--border-rounded vce-button--style-basic-icon--color-0072BB--fff\" href=\"https:\/\/baosem.com\/site\/wp-content\/uploads\/2023\/10\/enafor-presentation.pdf\" title=\"\" target=\"_blank\" data-vce-do-apply=\"padding border background  el-07f307e2\" rel=\"noopener\"><span class=\"vce-button--style-basic-icon-inner\"><span class=\"vce-button--style-basic-icon-text\">Presentation de l\u2019entreprise<\/span><span class=\"vce-button--style-basic-icon-icon vcv-ui-icon-material vcv-ui-icon-material-arrow_forward\"><\/span><\/span><\/a><\/div><div class=\"vce-button--style-basic-icon-container vce vce-button--style-basic-icon-container--align-left\" id=\"el-4c396a3e\" data-vce-do-apply=\"margin el-4c396a3e\"><a class=\"vce-button vce-button--style-basic-icon vce-button--style-basic-icon--border-rounded vce-button--style-basic-icon--color-b-237-141-34--fff\" href=\"https:\/\/baosem.com\/site\/wp-content\/uploads\/2023\/10\/enafor-intervieuw-.pdf\" title=\"\" target=\"_blank\" data-vce-do-apply=\"padding border background  el-4c396a3e\" rel=\"noopener\"><span class=\"vce-button--style-basic-icon-inner\"><span class=\"vce-button--style-basic-icon-text\">Interview<\/span><span class=\"vce-button--style-basic-icon-icon vcv-ui-icon-material vcv-ui-icon-material-arrow_forward\"><\/span><\/span><\/a><\/div><\/div><\/div><\/div><div class=\"vce-col vce-col--md-54p vce-col--xs-1 vce-col--xs-last vce-col--xs-first vce-col--sm-last vce-col--sm-first vce-col--md-last vce-col--lg-last vce-col--xl-last\" id=\"el-8567a220\"><div class=\"vce-col-inner\" data-vce-do-apply=\"border margin background  el-8567a220\"><div class=\"vce-col-content\" data-vce-element-content=\"true\" data-vce-do-apply=\"padding el-8567a220\"><div><\/div><\/div><\/div><\/div><\/div><\/div><\/div>","protected":false},"excerpt":{"rendered":"","protected":false},"author":3,"featured_media":0,"parent":0,"menu_order":0,"comment_status":"closed","ping_status":"closed","template":"","meta":{"footnotes":""},"class_list":["post-1272","page","type-page","status-publish","hentry"],"_links":{"self":[{"href":"https:\/\/baosem.com\/site\/wp-json\/wp\/v2\/pages\/1272","targetHints":{"allow":["GET"]}}],"collection":[{"href":"https:\/\/baosem.com\/site\/wp-json\/wp\/v2\/pages"}],"about":[{"href":"https:\/\/baosem.com\/site\/wp-json\/wp\/v2\/types\/page"}],"author":[{"embeddable":true,"href":"https:\/\/baosem.com\/site\/wp-json\/wp\/v2\/users\/3"}],"replies":[{"embeddable":true,"href":"https:\/\/baosem.com\/site\/wp-json\/wp\/v2\/comments?post=1272"}],"version-history":[{"count":8,"href":"https:\/\/baosem.com\/site\/wp-json\/wp\/v2\/pages\/1272\/revisions"}],"predecessor-version":[{"id":1286,"href":"https:\/\/baosem.com\/site\/wp-json\/wp\/v2\/pages\/1272\/revisions\/1286"}],"wp:attachment":[{"href":"https:\/\/baosem.com\/site\/wp-json\/wp\/v2\/media?parent=1272"}],"curies":[{"name":"wp","href":"https:\/\/api.w.org\/{rel}","templated":true}]}}