{"id":192,"date":"2019-11-05T09:09:13","date_gmt":"2019-11-05T08:09:13","guid":{"rendered":"http:\/\/baosem.com\/?page_id=192"},"modified":"2022-05-24T14:44:37","modified_gmt":"2022-05-24T12:44:37","slug":"abonnement","status":"publish","type":"page","link":"https:\/\/baosem.com\/site\/abonnement\/","title":{"rendered":"Abonnement"},"content":{"rendered":"<div class=\"vce-row-container\" data-vce-boxed-width=\"true\"><div class=\"vce-row vce-row--col-gap-10 vce-row-wrap--reverse vce-row-content--top\" id=\"el-fb59536b\" data-vce-do-apply=\"all el-fb59536b\"><div class=\"vce-row-content\" data-vce-element-content=\"true\"><div class=\"vce-col vce-col--md-70p vce-col--xs-1 vce-col--xs-last vce-col--xs-first vce-col--sm-last vce-col--sm-first vce-col--md-first vce-col--lg-first vce-col--xl-first\" id=\"el-30700400\"><div class=\"vce-col-inner\" data-vce-do-apply=\"border margin background  el-30700400\"><div class=\"vce-content-background-container\"><\/div><div class=\"vce-col-content\" data-vce-element-content=\"true\" data-vce-do-apply=\"padding el-30700400\"><div class=\"vce-row-container\" data-vce-boxed-width=\"true\"><div class=\"vce-row vce-row--col-gap-30 vce-row-content--top\" id=\"el-b70305e5\" data-vce-do-apply=\"all el-b70305e5\"><div class=\"vce-row-content\" data-vce-element-content=\"true\"><div class=\"vce-col vce-col--md-auto vce-col--xs-1 vce-col--xs-last vce-col--xs-first vce-col--sm-last vce-col--sm-first vce-col--md-last vce-col--lg-last vce-col--xl-last vce-col--md-first vce-col--lg-first vce-col--xl-first\" id=\"el-ed8d184c\"><div class=\"vce-col-inner\" data-vce-do-apply=\"border margin background  el-ed8d184c\"><div class=\"vce-content-background-container\"><\/div><div class=\"vce-col-content\" data-vce-element-content=\"true\" data-vce-do-apply=\"padding el-ed8d184c\"><div class=\"vce-text-block\"><div class=\"vce-text-block-wrapper vce\" id=\"el-029202ca\" data-vce-do-apply=\"all el-029202ca\"><p>Que vous soyez lecteur r\u00e9gulier ou occasionnel, le Baosem a con\u00e7u plusieurs formules d'abonnement adapt\u00e9es \u00e0 votre style de vie. A vous de choisir la formule qui vous convient le mieux !<\/p><ul><li><a href=\"#internet\">Abonnement version internet (Cliquez ici)<\/a><\/li><li><a href=\"#imprimee\">Abonnement version imprim\u00e9e (Cliquez ici)<\/a><\/li><\/ul><\/div><\/div><\/div><\/div><\/div><\/div><\/div><\/div><div class=\"vce-row-container\" id=\"internet\" data-vce-boxed-width=\"true\"><div class=\"vce-row vce-row--col-gap-30 vce-row-content--top\" id=\"el-6f1386ca\" data-vce-do-apply=\"all el-6f1386ca\"><div class=\"vce-content-background-container\"><\/div><div class=\"vce-row-content\" data-vce-element-content=\"true\"><div class=\"vce-col vce-col--md-auto vce-col--xs-1 vce-col--xs-last vce-col--xs-first vce-col--sm-last vce-col--sm-first vce-col--md-last vce-col--lg-last vce-col--xl-last vce-col--md-first vce-col--lg-first vce-col--xl-first\" id=\"el-acedd205\"><div class=\"vce-col-inner\" data-vce-do-apply=\"border margin background  el-acedd205\"><div class=\"vce-content-background-container\"><\/div><div class=\"vce-col-content\" data-vce-element-content=\"true\" data-vce-do-apply=\"padding el-acedd205\"><div class=\"vce-google-fonts-heading vce-google-fonts-heading--align-left vce-google-fonts-heading--color-b-255-255-255--45--5C00FF--FF7200 vce-google-fonts-heading--font-family-Poppins\"><div class=\"vce-google-fonts-heading-wrapper\"><div class=\"vce-google-fonts-heading--background vce\" id=\"el-3f217b86\" data-vce-do-apply=\"border background  padding margin el-3f217b86\"><h4 class=\"vce-google-fonts-heading-inner\" style=\"font-weight: 400; font-style: normal;\">Abonnement version Internet : Grille tarifaire<\/h4><\/div><\/div><\/div><div class=\"vce-text-block\"><div class=\"vce-text-block-wrapper vce\" id=\"el-e2fab73b\" data-vce-do-apply=\"all el-e2fab73b\"><table><tbody><tr><th>Dur\u00e9e<\/th><th class=\"centrer\">Tarifs (TTC)<\/th><\/tr><tr><td>1 an<\/td><td class=\"a-droite\">29 750 DA \/ 600 \u20ac *<\/td><\/tr><tr><td>6 mois<\/td><td class=\"a-droite\">14 875 DA \/ 300 \u20ac *<\/td><\/tr><\/tbody><\/table><\/div><\/div><div class=\"vce-text-block\"><div class=\"vce-text-block-wrapper vce\" id=\"el-51608179\" data-vce-do-apply=\"all el-51608179\"><p><span style=\"font-size: 10pt;\">* Pour les annonceurs de droit international<\/span><\/p><\/div><\/div><div class=\"vce-row-container\" data-vce-boxed-width=\"true\"><div class=\"vce-row vce-row--col-gap-10 vce-row-content--top\" id=\"el-1b7f36ff\" data-vce-do-apply=\"all el-1b7f36ff\"><div class=\"vce-row-content\" data-vce-element-content=\"true\"><div class=\"vce-col vce-col--md-59-74p vce-col--xs-1 vce-col--xs-last vce-col--xs-first vce-col--sm-last vce-col--sm-first vce-col--md-first vce-col--lg-first vce-col--xl-first\" id=\"el-5f844ec5\"><div class=\"vce-col-inner\" data-vce-do-apply=\"border margin background  el-5f844ec5\"><div class=\"vce-col-content\" data-vce-element-content=\"true\" data-vce-do-apply=\"padding el-5f844ec5\"><div class=\"vce-button--style-basic-icon-container vce vce-button--style-basic-icon-container--align-center\" id=\"el-b6b43145\" data-vce-do-apply=\"margin el-b6b43145\"><a class=\"vce-button vce-button--style-basic-icon vce-button--style-basic-icon--border-rounded vce-button--style-basic-icon--color-b-237-141-34--fff\" href=\"https:\/\/baosem.com\/site\/wp-content\/uploads\/2020\/09\/abo_web_fr.pdf\" title=\"\" target=\"_blank\" data-vce-do-apply=\"padding border background  el-b6b43145\" rel=\"noopener\"><span class=\"vce-button--style-basic-icon-inner\"><span class=\"vce-button--style-basic-icon-text\">T\u00e9l\u00e9charger Formulaire d'abonnement<\/span><span class=\"vce-button--style-basic-icon-icon vcv-ui-icon-material vcv-ui-icon-material-file_download\"><\/span><\/span><\/a><\/div><\/div><\/div><\/div><div class=\"vce-col vce-col--md-40-26p vce-col--xs-1 vce-col--xs-last vce-col--xs-first vce-col--sm-last vce-col--sm-first vce-col--md-last vce-col--lg-last vce-col--xl-last\" id=\"el-13388975\"><div class=\"vce-col-inner\" data-vce-do-apply=\"border margin background  el-13388975\"><div class=\"vce-col-content\" data-vce-element-content=\"true\" data-vce-do-apply=\"padding el-13388975\"><div class=\"vce-button--style-basic-icon-container vce vce-button--style-basic-icon-container--align-center\" id=\"el-0be07941\" data-vce-do-apply=\"margin el-0be07941\"><a class=\"vce-button vce-button--style-basic-icon vce-button--style-basic-icon--border-rounded vce-button--style-basic-icon--color-b-237-141-34--fff\" href=\"https:\/\/baosem.com\/abonnees\/formulaire\/internet\" title=\"\" target=\"_blank\" data-vce-do-apply=\"padding border background  el-0be07941\" rel=\"noopener\"><span class=\"vce-button--style-basic-icon-inner\"><span class=\"vce-button--style-basic-icon-text\">S'inscrire<\/span><span class=\"vce-button--style-basic-icon-icon vcv-ui-icon-material vcv-ui-icon-material-arrow_forward\"><\/span><\/span><\/a><\/div><\/div><\/div><\/div><\/div><\/div><\/div><\/div><\/div><\/div><\/div><\/div><\/div><div class=\"vce-row-container\" id=\"imprimee\" data-vce-boxed-width=\"true\"><div class=\"vce-row vce-row--col-gap-30 vce-row-content--top\" id=\"el-61544cf9\" data-vce-do-apply=\"all el-61544cf9\"><div class=\"vce-content-background-container\"><\/div><div class=\"vce-row-content\" data-vce-element-content=\"true\"><div class=\"vce-col vce-col--md-auto vce-col--xs-1 vce-col--xs-last vce-col--xs-first vce-col--sm-last vce-col--sm-first vce-col--md-last vce-col--lg-last vce-col--xl-last vce-col--md-first vce-col--lg-first vce-col--xl-first\" id=\"el-ffc4fd78\"><div class=\"vce-col-inner\" data-vce-do-apply=\"border margin background  el-ffc4fd78\"><div class=\"vce-content-background-container\"><\/div><div class=\"vce-col-content\" data-vce-element-content=\"true\" data-vce-do-apply=\"padding el-ffc4fd78\"><div class=\"vce-google-fonts-heading vce-google-fonts-heading--align-left vce-google-fonts-heading--color-b-255-255-255--45--5C00FF--FF7200 vce-google-fonts-heading--font-family-Poppins\"><div class=\"vce-google-fonts-heading-wrapper\"><div class=\"vce-google-fonts-heading--background vce\" id=\"el-4d014ea8\" data-vce-do-apply=\"border background  padding margin el-4d014ea8\"><h4 class=\"vce-google-fonts-heading-inner\" style=\"font-weight: 400; font-style: normal;\">Abonnement version imprim\u00e9e : Grille tarifaire<\/h4><\/div><\/div><\/div><div class=\"vce-text-block\"><div class=\"vce-text-block-wrapper vce\" id=\"el-b55ca91e\" data-vce-do-apply=\"all el-b55ca91e\"><table>\n<tbody>\n<tr>\n<th>Dur\u00e9e<\/th>\n<th class=\"a-droite\">Tarifs (TTC)<\/th>\n<\/tr>\n<tr>\n<td>1 an<\/td>\n<td class=\"a-droite\">47 600 DA<\/td>\n<\/tr>\n<tr>\n<td>6 mois<\/td>\n<td class=\"a-droite\">23 800 DA<\/td>\n<\/tr>\n<\/tbody>\n<\/table><\/div><\/div><div class=\"vce-text-block\"><div class=\"vce-text-block-wrapper vce\" id=\"el-df957b69\" data-vce-do-apply=\"all el-df957b69\"><p><span style=\"font-size: 10pt;\"><em>Compilation CD des bulletins BAOSEM en PDF du mois pr\u00e9c\u00e9dent offerte&nbsp;<\/em><\/span><\/p><\/div><\/div><div class=\"vce-row-container\" data-vce-boxed-width=\"true\"><div class=\"vce-row vce-row--col-gap-10 vce-row-content--top\" id=\"el-438ab19a\" data-vce-do-apply=\"all el-438ab19a\"><div class=\"vce-row-content\" data-vce-element-content=\"true\"><div class=\"vce-col vce-col--md-59-74p vce-col--xs-1 vce-col--xs-last vce-col--xs-first vce-col--sm-last vce-col--sm-first vce-col--md-first vce-col--lg-first vce-col--xl-first\" id=\"el-4658bb68\"><div class=\"vce-col-inner\" data-vce-do-apply=\"border margin background  el-4658bb68\"><div class=\"vce-col-content\" data-vce-element-content=\"true\" data-vce-do-apply=\"padding el-4658bb68\"><div class=\"vce-button--style-basic-icon-container vce vce-button--style-basic-icon-container--align-center\" id=\"el-b14f7574\" data-vce-do-apply=\"margin el-b14f7574\"><a class=\"vce-button vce-button--style-basic-icon vce-button--style-basic-icon--border-rounded vce-button--style-basic-icon--color-b-237-141-34--fff\" href=\"https:\/\/baosem.com\/site\/wp-content\/uploads\/2020\/09\/abo_papier_fr.pdf\" title=\"\" target=\"_blank\" data-vce-do-apply=\"padding border background  el-b14f7574\" rel=\"noopener\"><span class=\"vce-button--style-basic-icon-inner\"><span class=\"vce-button--style-basic-icon-text\">T\u00e9l\u00e9charger Formulaire d'abonnement<\/span><span class=\"vce-button--style-basic-icon-icon vcv-ui-icon-material vcv-ui-icon-material-file_download\"><\/span><\/span><\/a><\/div><\/div><\/div><\/div><div class=\"vce-col vce-col--md-40-26p vce-col--xs-1 vce-col--xs-last vce-col--xs-first vce-col--sm-last vce-col--sm-first vce-col--md-last vce-col--lg-last vce-col--xl-last\" id=\"el-74fcc645\"><div class=\"vce-col-inner\" data-vce-do-apply=\"border margin background  el-74fcc645\"><div class=\"vce-col-content\" data-vce-element-content=\"true\" data-vce-do-apply=\"padding el-74fcc645\"><div class=\"vce-button--style-basic-icon-container vce vce-button--style-basic-icon-container--align-center\" id=\"el-203d2699\" data-vce-do-apply=\"margin el-203d2699\"><a class=\"vce-button vce-button--style-basic-icon vce-button--style-basic-icon--border-rounded vce-button--style-basic-icon--color-b-237-141-34--fff\" href=\"https:\/\/baosem.com\/abonnees\/formulaire\/internet\" title=\"\" target=\"_blank\" data-vce-do-apply=\"padding border background  el-203d2699\" rel=\"noopener\"><span class=\"vce-button--style-basic-icon-inner\"><span class=\"vce-button--style-basic-icon-text\">S'inscrire<\/span><span class=\"vce-button--style-basic-icon-icon vcv-ui-icon-material vcv-ui-icon-material-arrow_forward\"><\/span><\/span><\/a><\/div><\/div><\/div><\/div><\/div><\/div><\/div><\/div><\/div><\/div><\/div><\/div><\/div><\/div><\/div><\/div><div class=\"vce-col vce-col--md-30p vce-col--xs-1 vce-col--xs-last vce-col--xs-first vce-col--sm-last vce-col--sm-first vce-col--md-last vce-col--lg-last vce-col--xl-last\" id=\"el-f389dc9e\"><div class=\"vce-col-inner\" data-vce-do-apply=\"border margin background  el-f389dc9e\"><div class=\"vce-col-content\" data-vce-element-content=\"true\" data-vce-do-apply=\"padding el-f389dc9e\"><div class=\"vce-shortcode pub-cote\"><div class=\"vce-shortcode-wrapper vce\" id=\"el-865b96f5\" data-vce-do-apply=\"all el-865b96f5\"><!-- Soit il n'y a pas de banni\u00e8res, ils sont desactiv\u00e9es ou pas qualifi\u00e9es pour cet endroit! --><\/div><\/div><\/div><\/div><\/div><\/div><\/div><\/div>","protected":false},"excerpt":{"rendered":"","protected":false},"author":3,"featured_media":0,"parent":0,"menu_order":0,"comment_status":"closed","ping_status":"closed","template":"","meta":{"footnotes":""},"class_list":["post-192","page","type-page","status-publish","hentry"],"_links":{"self":[{"href":"https:\/\/baosem.com\/site\/wp-json\/wp\/v2\/pages\/192","targetHints":{"allow":["GET"]}}],"collection":[{"href":"https:\/\/baosem.com\/site\/wp-json\/wp\/v2\/pages"}],"about":[{"href":"https:\/\/baosem.com\/site\/wp-json\/wp\/v2\/types\/page"}],"author":[{"embeddable":true,"href":"https:\/\/baosem.com\/site\/wp-json\/wp\/v2\/users\/3"}],"replies":[{"embeddable":true,"href":"https:\/\/baosem.com\/site\/wp-json\/wp\/v2\/comments?post=192"}],"version-history":[{"count":37,"href":"https:\/\/baosem.com\/site\/wp-json\/wp\/v2\/pages\/192\/revisions"}],"predecessor-version":[{"id":1262,"href":"https:\/\/baosem.com\/site\/wp-json\/wp\/v2\/pages\/192\/revisions\/1262"}],"wp:attachment":[{"href":"https:\/\/baosem.com\/site\/wp-json\/wp\/v2\/media?parent=192"}],"curies":[{"name":"wp","href":"https:\/\/api.w.org\/{rel}","templated":true}]}}