{"id":649,"date":"2019-12-15T10:34:56","date_gmt":"2019-12-15T09:34:56","guid":{"rendered":"http:\/\/baosem.com\/?page_id=649"},"modified":"2022-01-31T14:56:52","modified_gmt":"2022-01-31T13:56:52","slug":"subscription","status":"publish","type":"page","link":"https:\/\/baosem.com\/site\/subscription\/?lang=en","title":{"rendered":"Subscription"},"content":{"rendered":"<div class=\"vce-row-container\" data-vce-boxed-width=\"true\"><div class=\"vce-row vce-row--col-gap-10 vce-row-wrap--reverse vce-row-content--top\" id=\"el-c9622848\" data-vce-do-apply=\"all el-c9622848\"><div class=\"vce-row-content\" data-vce-element-content=\"true\"><div class=\"vce-col vce-col--md-70p vce-col--xs-1 vce-col--xs-last vce-col--xs-first vce-col--sm-last vce-col--sm-first vce-col--md-first vce-col--lg-first vce-col--xl-first\" id=\"el-d0ce7dbb\"><div class=\"vce-col-inner\" data-vce-do-apply=\"border margin background  el-d0ce7dbb\"><div class=\"vce-content-background-container\"><\/div><div class=\"vce-col-content\" data-vce-element-content=\"true\" data-vce-do-apply=\"padding el-d0ce7dbb\"><div class=\"vce-row-container\" data-vce-boxed-width=\"true\"><div class=\"vce-row vce-row--col-gap-30 vce-row-content--top\" id=\"el-829cef54\" data-vce-do-apply=\"all el-829cef54\"><div class=\"vce-row-content\" data-vce-element-content=\"true\"><div class=\"vce-col vce-col--md-auto vce-col--xs-1 vce-col--xs-last vce-col--xs-first vce-col--sm-last vce-col--sm-first vce-col--md-last vce-col--lg-last vce-col--xl-last vce-col--md-first vce-col--lg-first vce-col--xl-first\" id=\"el-6828b211\"><div class=\"vce-col-inner\" data-vce-do-apply=\"border margin background  el-6828b211\"><div class=\"vce-content-background-container\"><\/div><div class=\"vce-col-content\" data-vce-element-content=\"true\" data-vce-do-apply=\"padding el-6828b211\"><div class=\"vce-text-block\"><div class=\"vce-text-block-wrapper vce\" id=\"el-5d0c82b2\" data-vce-do-apply=\"all el-5d0c82b2\"><p>Whether you are a regular or casual reader, the Baosem (tenders bulletin for energy sector) has designed several subscription packages tailored to your specific needs!<\/p><\/div><\/div><\/div><\/div><\/div><\/div><\/div><\/div><div class=\"vce-row-container\" data-vce-boxed-width=\"true\"><div class=\"vce-row vce-row--col-gap-30 vce-row-content--top\" id=\"el-0e9b940f\" data-vce-do-apply=\"all el-0e9b940f\"><div class=\"vce-content-background-container\"><\/div><div class=\"vce-row-content\" data-vce-element-content=\"true\"><div class=\"vce-col vce-col--md-auto vce-col--xs-1 vce-col--xs-last vce-col--xs-first vce-col--sm-last vce-col--sm-first vce-col--md-last vce-col--lg-last vce-col--xl-last vce-col--md-first vce-col--lg-first vce-col--xl-first\" id=\"el-c90498cc\"><div class=\"vce-col-inner\" data-vce-do-apply=\"border margin background  el-c90498cc\"><div class=\"vce-content-background-container\"><\/div><div class=\"vce-col-content\" data-vce-element-content=\"true\" data-vce-do-apply=\"padding el-c90498cc\"><div class=\"vce-google-fonts-heading vce-google-fonts-heading--align-left vce-google-fonts-heading--color-b-255-255-255--45--5C00FF--FF7200 vce-google-fonts-heading--font-family-Poppins\"><div class=\"vce-google-fonts-heading-wrapper\"><div class=\"vce-google-fonts-heading--background vce\" id=\"el-478f3b88\" data-vce-do-apply=\"border background  padding margin el-478f3b88\"><h4 class=\"vce-google-fonts-heading-inner\" style=\"font-weight: 400; font-style: normal;\">Subscription Internet version: Price list<\/h4><\/div><\/div><\/div><div class=\"vce-text-block\"><div class=\"vce-text-block-wrapper vce\" id=\"el-1a4c09c9\" data-vce-do-apply=\"all el-1a4c09c9\"><table><tbody><tr><th>Duration<\/th><th class=\"centrer\">Prices(all taxes included)<\/th><\/tr><tr><td>One year<\/td><td class=\"a-droite\">29 750 DA \/ 600 \u20ac *<\/td><\/tr><tr><td>Six months<\/td><td class=\"a-droite\">14 875 DA \/ 300 \u20ac *<\/td><\/tr><\/tbody><\/table><\/div><\/div><div class=\"vce-text-block\"><div class=\"vce-text-block-wrapper vce\" id=\"el-b4e9a0cd\" data-vce-do-apply=\"all el-b4e9a0cd\"><p><span style=\"font-size: 10pt;\">* For international subscribers. Bank transfer fees are in charge of the customer.<\/span><\/p><\/div><\/div><div class=\"vce-row-container\" data-vce-boxed-width=\"true\"><div class=\"vce-row vce-row--col-gap-10 vce-row-content--top\" id=\"el-56338cc1\" data-vce-do-apply=\"all el-56338cc1\"><div class=\"vce-row-content\" data-vce-element-content=\"true\"><div class=\"vce-col vce-col--md-59-74p vce-col--xs-1 vce-col--xs-last vce-col--xs-first vce-col--sm-last vce-col--sm-first vce-col--md-first vce-col--lg-first vce-col--xl-first\" id=\"el-9f1fa339\"><div class=\"vce-col-inner\" data-vce-do-apply=\"border margin background  el-9f1fa339\"><div class=\"vce-col-content\" data-vce-element-content=\"true\" data-vce-do-apply=\"padding el-9f1fa339\"><div class=\"vce-button--style-basic-icon-container vce vce-button--style-basic-icon-container--align-center\" id=\"el-cd205e36\" data-vce-do-apply=\"margin el-cd205e36\"><a class=\"vce-button vce-button--style-basic-icon vce-button--style-basic-icon--border-rounded vce-button--style-basic-icon--color-b-237-141-34--fff\" href=\"https:\/\/baosem.com\/site\/wp-content\/uploads\/2020\/09\/abo_web_en.pdf\" title=\"\" target=\"_blank\" data-vce-do-apply=\"padding border background  el-cd205e36\" rel=\"noopener\"><span class=\"vce-button--style-basic-icon-inner\"><span class=\"vce-button--style-basic-icon-text\">Download subscription form HERE<\/span><span class=\"vce-button--style-basic-icon-icon vcv-ui-icon-material vcv-ui-icon-material-file_download\"><\/span><\/span><\/a><\/div><\/div><\/div><\/div><div class=\"vce-col vce-col--md-40-26p vce-col--xs-1 vce-col--xs-last vce-col--xs-first vce-col--sm-last vce-col--sm-first vce-col--md-last vce-col--lg-last vce-col--xl-last\" id=\"el-5afc31ca\"><div class=\"vce-col-inner\" data-vce-do-apply=\"border margin background  el-5afc31ca\"><div class=\"vce-col-content\" data-vce-element-content=\"true\" data-vce-do-apply=\"padding el-5afc31ca\"><div class=\"vce-button--style-basic-icon-container vce vce-button--style-basic-icon-container--align-center\" id=\"el-ac036360\" data-vce-do-apply=\"margin el-ac036360\"><a class=\"vce-button vce-button--style-basic-icon vce-button--style-basic-icon--border-rounded vce-button--style-basic-icon--color-b-237-141-34--fff\" href=\"https:\/\/baosem.com\/abonnees\/formulaire\/internet\/?lang=en\" title=\"\" target=\"_blank\" data-vce-do-apply=\"padding border background  el-ac036360\" rel=\"noopener\"><span class=\"vce-button--style-basic-icon-inner\"><span class=\"vce-button--style-basic-icon-text\">Subscribe<\/span><span class=\"vce-button--style-basic-icon-icon vcv-ui-icon-material vcv-ui-icon-material-arrow_forward\"><\/span><\/span><\/a><\/div><\/div><\/div><\/div><\/div><\/div><\/div><\/div><\/div><\/div><\/div><\/div><\/div><\/div><\/div><\/div><div class=\"vce-col vce-col--md-30p vce-col--xs-1 vce-col--xs-last vce-col--xs-first vce-col--sm-last vce-col--sm-first vce-col--md-last vce-col--lg-last vce-col--xl-last\" id=\"el-75f2fe98\"><div class=\"vce-col-inner\" data-vce-do-apply=\"border margin background  el-75f2fe98\"><div class=\"vce-col-content\" data-vce-element-content=\"true\" data-vce-do-apply=\"padding el-75f2fe98\"><div class=\"vce-shortcode pub-cote\"><div class=\"vce-shortcode-wrapper vce\" id=\"el-187d52b8\" data-vce-do-apply=\"all el-187d52b8\"><!-- Soit il n'y a pas de banni\u00e8res, ils sont desactiv\u00e9es ou pas qualifi\u00e9es pour cet endroit! --><\/div><\/div><\/div><\/div><\/div><\/div><\/div><\/div>\n","protected":false},"excerpt":{"rendered":"<p>Whether you are a regular or casual reader, the Baosem (tenders bulletin for energy sector) has designed several subscription packages tailored to your specific needs!Subscription Internet version: Price listDurationPrices(all taxes included)One year29 750 DA \/ 600 \u20ac *Six months14 875 DA \/ 300 \u20ac ** For international subscribers. Bank transfer fees are in charge of [&hellip;]<\/p>\n","protected":false},"author":3,"featured_media":0,"parent":0,"menu_order":0,"comment_status":"closed","ping_status":"closed","template":"","meta":{"footnotes":""},"class_list":["post-649","page","type-page","status-publish","hentry"],"_links":{"self":[{"href":"https:\/\/baosem.com\/site\/wp-json\/wp\/v2\/pages\/649","targetHints":{"allow":["GET"]}}],"collection":[{"href":"https:\/\/baosem.com\/site\/wp-json\/wp\/v2\/pages"}],"about":[{"href":"https:\/\/baosem.com\/site\/wp-json\/wp\/v2\/types\/page"}],"author":[{"embeddable":true,"href":"https:\/\/baosem.com\/site\/wp-json\/wp\/v2\/users\/3"}],"replies":[{"embeddable":true,"href":"https:\/\/baosem.com\/site\/wp-json\/wp\/v2\/comments?post=649"}],"version-history":[{"count":10,"href":"https:\/\/baosem.com\/site\/wp-json\/wp\/v2\/pages\/649\/revisions"}],"predecessor-version":[{"id":1235,"href":"https:\/\/baosem.com\/site\/wp-json\/wp\/v2\/pages\/649\/revisions\/1235"}],"wp:attachment":[{"href":"https:\/\/baosem.com\/site\/wp-json\/wp\/v2\/media?parent=649"}],"curies":[{"name":"wp","href":"https:\/\/api.w.org\/{rel}","templated":true}]}}