{"id":655,"date":"2019-12-15T10:47:29","date_gmt":"2019-12-15T09:47:29","guid":{"rendered":"http:\/\/baosem.com\/?page_id=655"},"modified":"2020-09-24T17:29:03","modified_gmt":"2020-09-24T15:29:03","slug":"advertising","status":"publish","type":"page","link":"https:\/\/baosem.com\/site\/advertising\/?lang=en","title":{"rendered":"Advertising"},"content":{"rendered":"<div class=\"vce-row-container\"><div class=\"vce-row vce-row--col-gap-30 vce-row-columns--top vce-row-content--top\" id=\"el-767daf6b\" data-vce-do-apply=\"all el-767daf6b\"><div class=\"vce-row-content\" data-vce-element-content=\"true\"><div class=\"vce-col vce-col--md-auto vce-col--xs-1 vce-col--xs-last vce-col--xs-first vce-col--sm-last vce-col--sm-first vce-col--md-last vce-col--lg-last vce-col--xl-last vce-col--md-first vce-col--lg-first vce-col--xl-first\" id=\"el-5b41f9fc\"><div class=\"vce-col-inner\" data-vce-do-apply=\"border margin background  el-5b41f9fc\"><div class=\"vce-col-content\" data-vce-element-content=\"true\" data-vce-do-apply=\"padding el-5b41f9fc\"><\/div><\/div><\/div><\/div><\/div><\/div><div class=\"vce-row-container\"><div class=\"vce-row vce-row--col-gap-10 vce-row-wrap--reverse vce-row-columns--top vce-row-content--top\" id=\"el-3b2a0cff\" data-vce-do-apply=\"all el-3b2a0cff\"><div class=\"vce-content-background-container\"><\/div><div class=\"vce-row-content\" data-vce-element-content=\"true\"><div class=\"vce-col vce-col--md-70p vce-col--xs-1 vce-col--xs-last vce-col--xs-first vce-col--sm-last vce-col--sm-first vce-col--md-first vce-col--lg-first vce-col--xl-first\" id=\"el-aec546f7\"><div class=\"vce-col-inner\" data-vce-do-apply=\"border margin background  el-aec546f7\"><div class=\"vce-content-background-container\"><\/div><div class=\"vce-col-content\" data-vce-element-content=\"true\" data-vce-do-apply=\"padding el-aec546f7\"><div class=\"vce-text-block\"><div class=\"vce-text-block-wrapper vce\" id=\"el-db503749\" data-vce-do-apply=\"all el-db503749\"><p>Each two (02) working days, we provide an impacting advertising space to enhance companies\u2019 image, products and services. For more information concerning formats and prices, please contact advertising services: pub@baosem.com:<\/p><ul><li><a href=\"#bulletin\">Advertising on Baosem Bulletin (Click here)<\/a><\/li><li><a href=\"#site\">Advertising on the Website Baosem.com (Click here)<\/a><\/li><\/ul><\/div><\/div><div class=\"vce-google-fonts-heading vce-google-fonts-heading--align-left vce-google-fonts-heading--color-ba-2-9-53-0-93--45--5C00FF--FF7200 vce-google-fonts-heading--font-family-Poppins\"><div class=\"vce-google-fonts-heading-wrapper\"><div class=\"vce-google-fonts-heading--background vce\" id=\"el-b3cc39dd\" data-vce-do-apply=\"border background  padding margin el-b3cc39dd\"><h3 class=\"vce-google-fonts-heading-inner\" style=\"font-weight: 300;\">Advertising on Baosem Bulletin<\/h3><\/div><\/div><\/div><div class=\"vce-row-container\"><div class=\"vce-row vce-row--col-gap-10 vce-row-columns--top vce-row-content--top\" id=\"el-49141f77\" data-vce-do-apply=\"all el-49141f77\"><div class=\"vce-row-content\" data-vce-element-content=\"true\"><div class=\"vce-col vce-col--md-59-94p vce-col--xs-1 vce-col--xs-last vce-col--xs-first vce-col--sm-last vce-col--sm-first vce-col--md-first vce-col--lg-first vce-col--xl-first\" id=\"el-adf819d8\"><div class=\"vce-col-inner\" data-vce-do-apply=\"border margin background  el-adf819d8\"><div class=\"vce-col-content\" data-vce-element-content=\"true\" data-vce-do-apply=\"padding el-adf819d8\"><div class=\"vce-button--style-basic-icon-container vce vce-button--style-basic-icon-container--align-center\" id=\"el-c8f39943\" data-vce-do-apply=\"margin el-c8f39943\"><a class=\"vce-button--style-basic-icon vce-button--style-basic-icon--border-rounded vce-button--style-basic-icon--color-b-237-141-34--fff\" href=\"https:\/\/baosem.com\/site\/wp-content\/uploads\/2020\/09\/pub_papier_en.pdf\" title=\"\" target=\"_blank\" data-vce-do-apply=\"padding border background  el-c8f39943\" rel=\"noopener noreferrer\"><span class=\"vce-button--style-basic-icon-inner\"><span class=\"vce-button--style-basic-icon-text\">Download subscription form HERE<\/span><span class=\"vce-button--style-basic-icon-icon vcv-ui-icon-material vcv-ui-icon-material-file_download\"><\/span><\/span><\/a><\/div><\/div><\/div><\/div><div class=\"vce-col vce-col--md-40-06p vce-col--xs-1 vce-col--xs-last vce-col--xs-first vce-col--sm-last vce-col--sm-first vce-col--md-last vce-col--lg-last vce-col--xl-last\" id=\"el-05f6df82\"><div class=\"vce-col-inner\" data-vce-do-apply=\"border margin background  el-05f6df82\"><div class=\"vce-col-content\" data-vce-element-content=\"true\" data-vce-do-apply=\"padding el-05f6df82\"><div class=\"vce-button--style-basic-icon-container vce vce-button--style-basic-icon-container--align-center\" id=\"el-bc513323\" data-vce-do-apply=\"margin el-bc513323\"><a class=\"vce-button--style-basic-icon vce-button--style-basic-icon--border-rounded vce-button--style-basic-icon--color-b-237-141-34--fff\" href=\"http:\/\/app.baosem.com\/laravel\/public\/abonnees\/formulaire\/publicite\" title=\"\" target=\"_blank\" data-vce-do-apply=\"padding border background  el-bc513323\" rel=\"noopener noreferrer\"><span class=\"vce-button--style-basic-icon-inner\"><span class=\"vce-button--style-basic-icon-text\">Subscribe<\/span><span class=\"vce-button--style-basic-icon-icon vcv-ui-icon-material vcv-ui-icon-material-arrow_forward\"><\/span><\/span><\/a><\/div><\/div><\/div><\/div><\/div><\/div><\/div><div class=\"vce-row-container\"><div class=\"vce-row vce-row--col-gap-30 vce-row-columns--top vce-row-content--top\" id=\"el-b8286548\" data-vce-do-apply=\"all el-b8286548\"><div class=\"vce-content-background-container\"><\/div><div class=\"vce-row-content\" data-vce-element-content=\"true\"><div class=\"vce-col vce-col--md-auto vce-col--xs-1 vce-col--xs-last vce-col--xs-first vce-col--sm-last vce-col--sm-first vce-col--md-last vce-col--lg-last vce-col--xl-last vce-col--md-first vce-col--lg-first vce-col--xl-first\" id=\"el-00f07db1\"><div class=\"vce-col-inner\" data-vce-do-apply=\"border margin background  el-00f07db1\"><div class=\"vce-content-background-container\"><\/div><div class=\"vce-col-content\" data-vce-element-content=\"true\" data-vce-do-apply=\"padding el-00f07db1\"><div class=\"vce-google-fonts-heading vce-google-fonts-heading--align-left vce-google-fonts-heading--color-b-255-255-255--45--5C00FF--FF7200 vce-google-fonts-heading--font-family-Poppins\"><div class=\"vce-google-fonts-heading-wrapper\"><div class=\"vce-google-fonts-heading--background vce\" id=\"el-6a07d9ab\" data-vce-do-apply=\"border background  padding margin el-6a07d9ab\"><h4 class=\"vce-google-fonts-heading-inner\" style=\"font-weight: 400;\">Covering Pages: Price list<\/h4><\/div><\/div><\/div><div class=\"vce-text-block grille_1\"><div class=\"vce-text-block-wrapper vce\" id=\"el-c35037bf\" data-vce-do-apply=\"all el-c35037bf\"><table><tbody><tr><th>Description<\/th><th class=\"a-droite\">Surface (L x H)<\/th><th class=\"centrer\" style=\"width: 22%;\">Price Excluding Taxes<\/th><th class=\"centrer\" style=\"width: 20%;\">Conception<\/th><\/tr><tr><td>Page 2 or 4<\/td><td class=\"col-image\">24 x 32 cm&nbsp;<img decoding=\"async\" src=\"\/wp-content\/uploads\/2019\/11\/carre-pub.png\" alt=\"Double page\"><\/td><td class=\"centrer\">67 500 DA 1 350 \u20ac *<\/td><td class=\"centrer\">10 000 DA 100 \u20ac *<\/td><\/tr><tr><td>Page 3<\/td><td class=\"col-image\">24 x 32 cm&nbsp;<img decoding=\"async\" src=\"\/wp-content\/uploads\/2019\/11\/carre-pub.png\" alt=\"Page\"><\/td><td class=\"centrer\">58 000 DA 1 200 \u20ac *<\/td><td class=\"centrer\">10 000 DA 100 \u20ac *<\/td><\/tr><tr><td>Banner on Page 1<\/td><td class=\"col-image\">24 x 6,5 cm&nbsp;<img decoding=\"async\" src=\"\/wp-content\/uploads\/2019\/11\/carre-pub-1-4.png\" alt=\"Demi page\"><\/td><td class=\"centrer\">22 000 DA 450 \u20ac *<\/td><td class=\"centrer\">10 000 DA 100 \u20ac *<\/td><\/tr><tr><td>Inline Rectangle on Page 1&nbsp;<span style=\"color: #ff0000;\">*<\/span><\/td><td class=\"col-image\">4 x 7 cm&nbsp;<img decoding=\"async\" src=\"\/wp-content\/uploads\/2019\/11\/carre-pub-quart.png\" alt=\"Demi page\"><\/td><td class=\"centrer\">3 500 DA 70 \u20ac *<\/td><td class=\"centrer\">5 000 DA 50 \u20ac *<\/td><\/tr><\/tbody><\/table><\/div><\/div><\/div><\/div><\/div><\/div><\/div><\/div><div class=\"vce-row-container\"><div class=\"vce-row vce-row--col-gap-30 vce-row-columns--top vce-row-content--top\" id=\"el-3f0d5199\" data-vce-do-apply=\"all el-3f0d5199\"><div class=\"vce-content-background-container\"><\/div><div class=\"vce-row-content\" data-vce-element-content=\"true\"><div class=\"vce-col vce-col--md-auto vce-col--xs-1 vce-col--xs-last vce-col--xs-first vce-col--sm-last vce-col--sm-first vce-col--md-last vce-col--lg-last vce-col--xl-last vce-col--md-first vce-col--lg-first vce-col--xl-first\" id=\"el-ac24ac1a\"><div class=\"vce-col-inner\" data-vce-do-apply=\"border margin background  el-ac24ac1a\"><div class=\"vce-content-background-container\"><\/div><div class=\"vce-col-content\" data-vce-element-content=\"true\" data-vce-do-apply=\"padding el-ac24ac1a\"><div class=\"vce-google-fonts-heading vce-google-fonts-heading--align-left vce-google-fonts-heading--color-b-255-255-255--45--5C00FF--FF7200 vce-google-fonts-heading--font-family-Poppins\"><div class=\"vce-google-fonts-heading-wrapper\"><div class=\"vce-google-fonts-heading--background vce\" id=\"el-4bf240ab\" data-vce-do-apply=\"border background  padding margin el-4bf240ab\"><h4 class=\"vce-google-fonts-heading-inner\" style=\"font-weight: 400;\">Other Pages: Price list<\/h4><\/div><\/div><\/div><div class=\"vce-text-block grille_2\"><div class=\"vce-text-block-wrapper vce\" id=\"el-f09205f3\" data-vce-do-apply=\"all el-f09205f3\"><table><tbody><tr><th>Description<\/th><th class=\"a-droite\">Surface (L x H)<\/th><th class=\"centrer\" style=\"width: 20%;\">Price Excluding Taxes<\/th><th class=\"centrer\" style=\"width: 20%;\">Conception<\/th><\/tr><tr><td>4 pages in the central section<\/td><td class=\"col-image\">96 x 32 cm<img decoding=\"async\" src=\"\/wp-content\/uploads\/2019\/11\/carre-pub-4.png\" alt=\"Double page\"><\/td><td class=\"centrer\">140 000 DA 2 800 \u20ac *<\/td><td class=\"centrer\">28 000 DA 280 \u20ac *<\/td><\/tr><tr><td>2 pages in the central section<\/td><td class=\"col-image\"><span style=\"font-size: 0.91em;\">48 x 32 cm<\/span>&nbsp;<img decoding=\"async\" src=\"\/wp-content\/uploads\/2019\/11\/carre-pub-2.png\" alt=\"Double page\"><\/td><td class=\"centrer\">70 000 DA 1 400 \u20ac *<\/td><td class=\"centrer\">18 000 DA 180 \u20ac *<\/td><\/tr><tr><td>1 current page<\/td><td class=\"col-image\">24 x 32 cm&nbsp;<img decoding=\"async\" src=\"\/wp-content\/uploads\/2019\/11\/carre-pub.png\" alt=\"Double page\"><\/td><td class=\"centrer\">45 000 DA 900 \u20ac *<\/td><td class=\"centrer\">10 000 DA 100 \u20ac *<\/td><\/tr><tr><td>\u00bd current page<\/td><td class=\"col-image\">21.5 x 14.7 cm&nbsp;<img decoding=\"async\" src=\"\/wp-content\/uploads\/2019\/11\/carre-pub-demi.png\" alt=\"Demi page\"><\/td><td class=\"centrer\">25 000 DA 500 \u20ac *<\/td><td class=\"centrer\">10 000 DA 100 \u20ac *<\/td><\/tr><tr><td>1\/4 current page<\/td><td class=\"col-image\">10.5 x 14.7 cm&nbsp;<img decoding=\"async\" src=\"\/wp-content\/uploads\/2019\/11\/carre-pub-1-4.png\" alt=\"Demi page\"> 21.5 x 7.3 cm&nbsp;<img decoding=\"async\" src=\"\/wp-content\/uploads\/2019\/11\/carre-pub-demi-demi.png\" alt=\"Demi page\"><\/td><td class=\"centrer\">15 000 DA 300 \u20ac *<\/td><td class=\"centrer\">7 000 DA 70 \u20ac *<\/td><\/tr><tr><td>Headband on Page 3<\/td><td class=\"col-image\">17 x 5,25 cm&nbsp;<img decoding=\"async\" src=\"\/wp-content\/uploads\/2019\/11\/carre-pub-1-4.png\" alt=\"Demi page\"><\/td><td class=\"centrer\">17 000 DA 340 \u20ac *<\/td><td class=\"centrer\">7 000 DA 70 \u20ac *<\/td><\/tr><tr><td>Insert on Page 3<\/td><td class=\"col-image\">17 x 12,5 cm&nbsp;<img decoding=\"async\" src=\"\/wp-content\/uploads\/2019\/11\/carre-pub-2-3.png\" alt=\"Demi page\"><\/td><td class=\"centrer\">22 000 DA 500 \u20ac *<\/td><td class=\"centrer\">7 000 DA 70 \u20ac *<\/td><\/tr><\/tbody><\/table><\/div><\/div><\/div><\/div><\/div><\/div><\/div><\/div><div class=\"vce-google-fonts-heading vce-google-fonts-heading--align-left vce-google-fonts-heading--color-ba-2-9-53-0-93--45--5C00FF--FF7200 vce-google-fonts-heading--font-family-Poppins\"><div class=\"vce-google-fonts-heading-wrapper\"><div class=\"vce-google-fonts-heading--background vce\" id=\"el-548c90ec\" data-vce-do-apply=\"border background  padding margin el-548c90ec\"><h3 class=\"vce-google-fonts-heading-inner\" style=\"font-weight: 300;\">Advertising on Website Baosem.com<\/h3><\/div><\/div><\/div><div class=\"vce-row-container\"><div class=\"vce-row vce-row--col-gap-10 vce-row-columns--top vce-row-content--top\" id=\"el-bddf5840\" data-vce-do-apply=\"all el-bddf5840\"><div class=\"vce-row-content\" data-vce-element-content=\"true\"><div class=\"vce-col vce-col--md-59-94p vce-col--xs-1 vce-col--xs-last vce-col--xs-first vce-col--sm-last vce-col--sm-first vce-col--md-first vce-col--lg-first vce-col--xl-first\" id=\"el-e94c8aba\"><div class=\"vce-col-inner\" data-vce-do-apply=\"border margin background  el-e94c8aba\"><div class=\"vce-col-content\" data-vce-element-content=\"true\" data-vce-do-apply=\"padding el-e94c8aba\"><div class=\"vce-button--style-basic-icon-container vce vce-button--style-basic-icon-container--align-center\" id=\"el-0a657091\" data-vce-do-apply=\"margin el-0a657091\"><a class=\"vce-button--style-basic-icon vce-button--style-basic-icon--border-rounded vce-button--style-basic-icon--color-b-237-141-34--fff\" href=\"https:\/\/baosem.com\/site\/wp-content\/uploads\/2020\/09\/pub_web_en.pdf\" title=\"\" target=\"_blank\" data-vce-do-apply=\"padding border background  el-0a657091\" rel=\"noopener noreferrer\"><span class=\"vce-button--style-basic-icon-inner\"><span class=\"vce-button--style-basic-icon-text\">Download subscription form HERE<\/span><span class=\"vce-button--style-basic-icon-icon vcv-ui-icon-material vcv-ui-icon-material-file_download\"><\/span><\/span><\/a><\/div><\/div><\/div><\/div><div class=\"vce-col vce-col--md-40-06p vce-col--xs-1 vce-col--xs-last vce-col--xs-first vce-col--sm-last vce-col--sm-first vce-col--md-last vce-col--lg-last vce-col--xl-last\" id=\"el-53abb026\"><div class=\"vce-col-inner\" data-vce-do-apply=\"border margin background  el-53abb026\"><div class=\"vce-col-content\" data-vce-element-content=\"true\" data-vce-do-apply=\"padding el-53abb026\"><div class=\"vce-button--style-basic-icon-container vce vce-button--style-basic-icon-container--align-center\" id=\"el-463c7321\" data-vce-do-apply=\"margin el-463c7321\"><a class=\"vce-button--style-basic-icon vce-button--style-basic-icon--border-rounded vce-button--style-basic-icon--color-b-237-141-34--fff\" href=\"http:\/\/app.baosem.com\/laravel\/public\/abonnees\/formulaire\/publicite\" title=\"\" target=\"_blank\" data-vce-do-apply=\"padding border background  el-463c7321\" rel=\"noopener noreferrer\"><span class=\"vce-button--style-basic-icon-inner\"><span class=\"vce-button--style-basic-icon-text\">Subscribe<\/span><span class=\"vce-button--style-basic-icon-icon vcv-ui-icon-material vcv-ui-icon-material-arrow_forward\"><\/span><\/span><\/a><\/div><\/div><\/div><\/div><\/div><\/div><\/div><div class=\"vce-google-fonts-heading vce-google-fonts-heading--align-left vce-google-fonts-heading--color-b-255-255-255--45--5C00FF--FF7200 vce-google-fonts-heading--font-family-Poppins\"><div class=\"vce-google-fonts-heading-wrapper\"><div class=\"vce-google-fonts-heading--background vce\" id=\"el-67c09fa9\" data-vce-do-apply=\"border background  padding margin el-67c09fa9\"><h4 class=\"vce-google-fonts-heading-inner\" style=\"font-weight: 400;\">Price list<\/h4><\/div><\/div><\/div><div class=\"vce-text-block\"><div class=\"vce-text-block-wrapper vce\" id=\"el-41c2ea2d\" data-vce-do-apply=\"all el-41c2ea2d\"><table><tbody><tr><th>Banner<\/th><th class=\"centrer\">Period<\/th><th class=\"centrer\">Price Taxes Excluded<\/th><\/tr><tr><td>Mega banner (728x90)<\/td><td class=\"centrer\">3 mois<\/td><td class=\"a-droite\">20 000 DA \/ 400 \u20ac *<\/td><\/tr><tr><td>Medium rectangle (300x250)<\/td><td class=\"centrer\">3 mois<\/td><td class=\"a-droite\">25 000 DA \/ 500 \u20ac *<\/td><\/tr><\/tbody><\/table><\/div><\/div><div class=\"vce-text-block\"><div class=\"vce-text-block-wrapper vce\" id=\"el-09e5c67c\" data-vce-do-apply=\"all el-09e5c67c\"><p><span style=\"font-size: 10pt;\"><strong>NB:The advertiser must send the advertising banner in the appropriate format<\/strong><\/span> <span style=\"font-size: 10pt;\">* <\/span><br><span style=\"font-size: 10pt;\">For international advertisers<\/span><\/p><\/div><\/div><\/div><\/div><\/div><div class=\"vce-col vce-col--md-30p vce-col--xs-1 vce-col--xs-last vce-col--xs-first vce-col--sm-last vce-col--sm-first vce-col--md-last vce-col--lg-last vce-col--xl-last\" id=\"el-1d2df44e\"><div class=\"vce-col-inner\" data-vce-do-apply=\"border margin background  el-1d2df44e\"><div class=\"vce-col-content\" data-vce-element-content=\"true\" data-vce-do-apply=\"padding el-1d2df44e\"><div class=\"vce-shortcode pub-cote\"><div class=\"vce-shortcode-wrapper vce\" id=\"el-c4d8ca2b\" data-vce-do-apply=\"all el-c4d8ca2b\"><!-- Soit il n'y a pas de banni\u00e8res, ils sont desactiv\u00e9es ou pas qualifi\u00e9es pour cet endroit! --><\/div><\/div><\/div><\/div><\/div><\/div><\/div><\/div>\n","protected":false},"excerpt":{"rendered":"<p>Each two (02) working days, we provide an impacting advertising space to enhance companies\u2019 image, products and services. For more information concerning formats and prices, please contact advertising services: pub@baosem.com:Advertising on Baosem Bulletin (Click here)Advertising on the Website Baosem.com (Click here)Advertising on Baosem BulletinDownload subscription form HERESubscribeCovering Pages: Price listDescriptionSurface (L x H)Price Excluding TaxesConceptionPage [&hellip;]<\/p>\n","protected":false},"author":3,"featured_media":0,"parent":0,"menu_order":0,"comment_status":"closed","ping_status":"closed","template":"","meta":{"footnotes":""},"class_list":["post-655","page","type-page","status-publish","hentry"],"_links":{"self":[{"href":"https:\/\/baosem.com\/site\/wp-json\/wp\/v2\/pages\/655","targetHints":{"allow":["GET"]}}],"collection":[{"href":"https:\/\/baosem.com\/site\/wp-json\/wp\/v2\/pages"}],"about":[{"href":"https:\/\/baosem.com\/site\/wp-json\/wp\/v2\/types\/page"}],"author":[{"embeddable":true,"href":"https:\/\/baosem.com\/site\/wp-json\/wp\/v2\/users\/3"}],"replies":[{"embeddable":true,"href":"https:\/\/baosem.com\/site\/wp-json\/wp\/v2\/comments?post=655"}],"version-history":[{"count":15,"href":"https:\/\/baosem.com\/site\/wp-json\/wp\/v2\/pages\/655\/revisions"}],"predecessor-version":[{"id":893,"href":"https:\/\/baosem.com\/site\/wp-json\/wp\/v2\/pages\/655\/revisions\/893"}],"wp:attachment":[{"href":"https:\/\/baosem.com\/site\/wp-json\/wp\/v2\/media?parent=655"}],"curies":[{"name":"wp","href":"https:\/\/api.w.org\/{rel}","templated":true}]}}