{"id":664,"date":"2019-12-15T11:11:09","date_gmt":"2019-12-15T10:11:09","guid":{"rendered":"http:\/\/baosem.com\/?page_id=664"},"modified":"2022-02-01T09:46:23","modified_gmt":"2022-02-01T08:46:23","slug":"about-us","status":"publish","type":"page","link":"https:\/\/baosem.com\/site\/about-us\/?lang=en","title":{"rendered":"ABOUT BAOSEM"},"content":{"rendered":"<div class=\"vce-row-container\" data-vce-boxed-width=\"true\"><div class=\"vce-row vce-row--col-gap-10 vce-row-wrap--reverse vce-row-content--top\" id=\"el-b5d1ce58\" data-vce-do-apply=\"all el-b5d1ce58\"><div class=\"vce-row-content\" data-vce-element-content=\"true\"><div class=\"vce-col vce-col--md-70p vce-col--xs-1 vce-col--xs-last vce-col--xs-first vce-col--sm-last vce-col--sm-first vce-col--md-first vce-col--lg-first vce-col--xl-first\" id=\"el-dc0f3aa7\"><div class=\"vce-col-inner\" data-vce-do-apply=\"border margin background  el-dc0f3aa7\"><div class=\"vce-content-background-container\"><\/div><div class=\"vce-col-content\" data-vce-element-content=\"true\" data-vce-do-apply=\"padding el-dc0f3aa7\"><div class=\"vce-text-block\"><div class=\"vce-text-block-wrapper vce\" id=\"el-b39a603d\" data-vce-do-apply=\"all el-b39a603d\"><p>BAOSEM, a subsidiary of SONATRACH and SONELGAZ Groups, has been established on 17 November 2002 within the framework of the Energy Sector\u2019s procurement policy. BAOSEM Company is specialized in publishing the Bidding Bulletin (Tenders) issued by the energy sector\u2019s companies and institutions, The Energy Sector Bidding Bulletin (Tenders) is published in 5 issues per fortnight<\/p>\n<ul>\n<li>Tenders (bids) from <strong style=\"color: #06104a;\">SONATRACH Group companies<\/strong>;<\/li>\n<li>Tenders (bids) from <strong style=\"color: #06104a;\">SONELGAZ Group companies<\/strong>;<\/li>\n<li>Tenders (bids) from other <strong style=\"color: #06104a;\">Energy Sector\u2019s entities<\/strong>.<\/li>\n<\/ul><\/div><\/div><div class=\"vce-text-block\"><div class=\"vce-text-block-wrapper vce\" id=\"el-3a3c2ad8\" data-vce-do-apply=\"all el-3a3c2ad8\"><p>The publication days are spread out as follows (except holidays):<\/p><ul><li><strong><span style=\"color: #ff9201;\">Week N: Sunday, Tuesday, Thursday <\/span><\/strong><\/li><li><strong><span style=\"color: #ff9201;\">Week N + 1: Monday, Wednesday,<\/span><\/strong><\/li><li><strong><span style=\"color: #ff9201;\">Week N + 2: Sunday, Tuesday, Thursday<\/span><\/strong><\/li><\/ul><\/div><\/div><div class=\"vce-google-fonts-heading vce-google-fonts-heading--align-left vce-google-fonts-heading--color-ba-2-9-53-0-93--45--5C00FF--FF7200 vce-google-fonts-heading--font-family-Poppins\"><div class=\"vce-google-fonts-heading-wrapper\"><div class=\"vce-google-fonts-heading--background vce\" id=\"el-f0cc94bf\" data-vce-do-apply=\"border background  padding margin el-f0cc94bf\"><h3 class=\"vce-google-fonts-heading-inner\" style=\"font-weight: 300; font-style: normal;\">Editing<\/h3><\/div><\/div><\/div><div class=\"vce-text-block\"><div class=\"vce-text-block-wrapper vce\" id=\"el-f51e190a\" data-vce-do-apply=\"all el-f51e190a\"><p>Our editing activity focuses on two main axes:<\/p><ul><li>Publication of Energy Sector Bidding Bulletin (Tenders) :<\/li><\/ul><p>Available in both printed and electronic versions, the Energy Sector Bidding Bulletin (Tenders) provides the opportunity to consult more than 400 bids per week.<\/p><p>Whether you are a regular or an occasional reader, the Energy Sector Bidding Bulletin (Tenders) offers several sales and subscription options geared to your needs:<\/p><ul><li><span style=\"color: #00ccff;\">Sale at the kiosk (see our sales \u2018points);<\/span><\/li><li><span style=\"color: #00ccff;\">Sale on site (location);<\/span><\/li><li><span style=\"color: #00ccff;\">Printed subscription (delivery service provided by BAOSEM); <\/span><\/li><li><span style=\"color: #00ccff;\">Internet subscription.<\/span><\/li><\/ul><\/div><\/div><div class=\"vce-google-fonts-heading vce-google-fonts-heading--align-left vce-google-fonts-heading--color-ba-2-9-53-0-93--45--5C00FF--FF7200 vce-google-fonts-heading--font-family-Poppins\"><div class=\"vce-google-fonts-heading-wrapper\"><div class=\"vce-google-fonts-heading--background vce\" id=\"el-2160c63e\" data-vce-do-apply=\"border background  padding margin el-2160c63e\"><h3 class=\"vce-google-fonts-heading-inner\" style=\"font-weight: 300; font-style: normal;\">Other services<\/h3><\/div><\/div><\/div><\/div><\/div><\/div><div class=\"vce-col vce-col--md-30p vce-col--xs-1 vce-col--xs-last vce-col--xs-first vce-col--sm-last vce-col--sm-first vce-col--md-last vce-col--lg-last vce-col--xl-last\" id=\"el-0339f803\"><div class=\"vce-col-inner\" data-vce-do-apply=\"border margin background  el-0339f803\"><div class=\"vce-col-content\" data-vce-element-content=\"true\" data-vce-do-apply=\"padding el-0339f803\"><div class=\"vce-shortcode pub-cote\"><div class=\"vce-shortcode-wrapper vce\" id=\"el-77769ada\" data-vce-do-apply=\"all el-77769ada\"><!-- Soit il n'y a pas de banni\u00e8res, ils sont desactiv\u00e9es ou pas qualifi\u00e9es pour cet endroit! --><\/div><\/div><\/div><\/div><\/div><\/div><\/div><\/div><div class=\"vce-row-container\" data-vce-boxed-width=\"true\"><div class=\"vce-row vce-row--col-gap-30 vce-row-equal-height vce-row-content--top\" id=\"el-3cb12979\" data-vce-do-apply=\"all el-3cb12979\"><div class=\"vce-row-content\" data-vce-element-content=\"true\"><div class=\"vce-col vce-col--xs-50p vce-col--xs-visible vce-col--xs-first vce-col--sm-50p vce-col--sm-visible vce-col--sm-first vce-col--md-auto vce-col--md-visible vce-col--md-first vce-col--lg-auto vce-col--lg-visible vce-col--lg-first vce-col--xl-auto vce-col--xl-visible vce-col--xl-first\" id=\"el-1456588a\"><div class=\"vce-col-inner\" data-vce-do-apply=\"border margin background  el-1456588a\"><div class=\"vce-col-content\" data-vce-element-content=\"true\" data-vce-do-apply=\"padding el-1456588a\"><div class=\"vce-features vce-var-icon vce-features--style-filled-circle vce-features--size-medium\" style=\"--text-align:center; --iconColor:rgb(255, 255, 255); --iconColorHover:rgb(255, 255, 255); --shapeColor:rgb(29, 160, 197); --shapeColorHover:rgb(29, 160, 197); --linkColorHover:rgb(26,143,176);\"><div id=\"el-77139a42\" class=\"vce vce-features-icon-wrapper\" data-vce-do-apply=\"all el-77139a42\"><div class=\"vce-features--icon vce-icon\"><svg xmlns=\"https:\/\/www.w3.org\/2000\/svg\" viewBox=\"0 0 769 769\"><path stroke-width=\"25\" d=\"M565.755 696.27h-360l-180-311.77 180-311.77h360l180 311.77z\"><\/path><\/svg><span class=\"vce-icon-container fas fa-bullhorn\"><\/span><\/div><\/div><\/div><div class=\"vce-google-fonts-heading vce-google-fonts-heading--align-center vce-google-fonts-heading--color-ba-2-9-53-0-93--45--5C00FF--FF7200 vce-google-fonts-heading--font-family-Poppins\"><div class=\"vce-google-fonts-heading-wrapper\"><div class=\"vce-google-fonts-heading--background vce\" id=\"el-2330434f\" data-vce-do-apply=\"border background  padding margin el-2330434f\"><h4 class=\"vce-google-fonts-heading-inner\" style=\"font-weight: 400; font-style: normal;\"><a class=\"vce-google-fonts-heading-link\" href=\"http:\/\/baosem.com\/publicite\/?lang=en\" title=\"\" target=\"_blank\" rel=\"noopener\">Advertising<\/a><\/h4><\/div><\/div><\/div><\/div><\/div><\/div><div class=\"vce-col vce-col--xs-50p vce-col--xs-visible vce-col--xs-last vce-col--sm-50p vce-col--sm-visible vce-col--sm-last vce-col--md-auto vce-col--md-visible vce-col--lg-auto vce-col--lg-visible vce-col--xl-auto vce-col--xl-visible\" id=\"el-0b8fa26f\"><div class=\"vce-col-inner\" data-vce-do-apply=\"border margin background  el-0b8fa26f\"><div class=\"vce-col-content\" data-vce-element-content=\"true\" data-vce-do-apply=\"padding el-0b8fa26f\"><div class=\"vce-features vce-var-icon vce-features--style-filled-circle vce-features--size-medium\" style=\"--text-align:center; --iconColor:rgb(255, 255, 255); --iconColorHover:rgb(255, 255, 255); --shapeColor:rgb(29, 160, 197); --shapeColorHover:rgb(29, 160, 197); --linkColorHover:rgb(26,143,176);\"><div id=\"el-2161a100\" class=\"vce vce-features-icon-wrapper\" data-vce-do-apply=\"all el-2161a100\"><div class=\"vce-features--icon vce-icon\"><svg xmlns=\"https:\/\/www.w3.org\/2000\/svg\" viewBox=\"0 0 769 769\"><path stroke-width=\"25\" d=\"M565.755 696.27h-360l-180-311.77 180-311.77h360l180 311.77z\"><\/path><\/svg><span class=\"vce-icon-container fas fa-language\"><\/span><\/div><\/div><\/div><div class=\"vce-google-fonts-heading vce-google-fonts-heading--align-center vce-google-fonts-heading--color-ba-2-9-53-0-93--45--5C00FF--FF7200 vce-google-fonts-heading--font-family-Poppins\"><div class=\"vce-google-fonts-heading-wrapper\"><div class=\"vce-google-fonts-heading--background vce\" id=\"el-2484f829\" data-vce-do-apply=\"border background  padding margin el-2484f829\"><h4 class=\"vce-google-fonts-heading-inner\" style=\"font-weight: 400; font-style: normal;\">Translation<\/h4><\/div><\/div><\/div><\/div><\/div><\/div><div class=\"vce-col vce-col--xs-50p vce-col--xs-visible vce-col--xs-first vce-col--sm-50p vce-col--sm-visible vce-col--sm-first vce-col--md-auto vce-col--md-visible vce-col--lg-auto vce-col--lg-visible vce-col--xl-auto vce-col--xl-visible\" id=\"el-fefe292c\"><div class=\"vce-col-inner\" data-vce-do-apply=\"border margin background  el-fefe292c\"><div class=\"vce-col-content\" data-vce-element-content=\"true\" data-vce-do-apply=\"padding el-fefe292c\"><div class=\"vce-features vce-var-icon vce-features--style-filled-circle vce-features--size-medium\" style=\"--text-align:center; --iconColor:rgb(255, 255, 255); --iconColorHover:rgb(255, 255, 255); --shapeColor:rgb(29, 160, 197); --shapeColorHover:rgb(29, 160, 197); --linkColorHover:rgb(26,143,176);\"><div id=\"el-93b46a76\" class=\"vce vce-features-icon-wrapper\" data-vce-do-apply=\"all el-93b46a76\"><div class=\"vce-features--icon vce-icon\"><svg xmlns=\"https:\/\/www.w3.org\/2000\/svg\" viewBox=\"0 0 769 769\"><path stroke-width=\"25\" d=\"M565.755 696.27h-360l-180-311.77 180-311.77h360l180 311.77z\"><\/path><\/svg><span class=\"vce-icon-container fas fa-fingerprint\"><\/span><\/div><\/div><\/div><div class=\"vce-google-fonts-heading vce-google-fonts-heading--align-center vce-google-fonts-heading--color-ba-2-9-53-0-93--45--5C00FF--FF7200 vce-google-fonts-heading--font-family-Poppins\"><div class=\"vce-google-fonts-heading-wrapper\"><div class=\"vce-google-fonts-heading--background vce\" id=\"el-77fffbe6\" data-vce-do-apply=\"border background  padding margin el-77fffbe6\"><h4 class=\"vce-google-fonts-heading-inner\" style=\"font-weight: 400; font-style: normal;\"><a class=\"vce-google-fonts-heading-link\" href=\"http:\/\/baosem.com\/cahier-des-charges\/?lang=en\" title=\"\" target=\"_blank\" rel=\"noopener\">Specifications<\/a><\/h4><\/div><\/div><\/div><\/div><\/div><\/div><div class=\"vce-col vce-col--xs-50p vce-col--xs-visible vce-col--xs-last vce-col--sm-50p vce-col--sm-visible vce-col--sm-last vce-col--md-auto vce-col--md-visible vce-col--md-last vce-col--lg-auto vce-col--lg-visible vce-col--lg-last vce-col--xl-auto vce-col--xl-visible vce-col--xl-last\" id=\"el-43499f57\"><div class=\"vce-col-inner\" data-vce-do-apply=\"border margin background  el-43499f57\"><div class=\"vce-col-content\" data-vce-element-content=\"true\" data-vce-do-apply=\"padding el-43499f57\"><div class=\"vce-features vce-var-icon vce-features--style-filled-circle vce-features--size-medium\" style=\"--text-align:center; --iconColor:rgb(255, 255, 255); --iconColorHover:rgb(255, 255, 255); --shapeColor:rgb(29, 160, 197); --shapeColorHover:rgb(29, 160, 197); --linkColorHover:rgb(26,143,176);\"><div id=\"el-b37fc74c\" class=\"vce vce-features-icon-wrapper\" data-vce-do-apply=\"all el-b37fc74c\"><div class=\"vce-features--icon vce-icon\"><svg xmlns=\"https:\/\/www.w3.org\/2000\/svg\" viewBox=\"0 0 769 769\"><path stroke-width=\"25\" d=\"M565.755 696.27h-360l-180-311.77 180-311.77h360l180 311.77z\"><\/path><\/svg><span class=\"vce-icon-container fas fa-swatchbook\"><\/span><\/div><\/div><\/div><div class=\"vce-google-fonts-heading vce-google-fonts-heading--align-center vce-google-fonts-heading--color-ba-2-9-53-0-93--45--5C00FF--FF7200 vce-google-fonts-heading--font-family-Poppins\"><div class=\"vce-google-fonts-heading-wrapper\"><div class=\"vce-google-fonts-heading--background vce\" id=\"el-cffa340a\" data-vce-do-apply=\"border background  padding margin el-cffa340a\"><h4 class=\"vce-google-fonts-heading-inner\" style=\"font-weight: 400; font-style: normal;\">Archives<\/h4><\/div><\/div><\/div><\/div><\/div><\/div><\/div><\/div><\/div>\n","protected":false},"excerpt":{"rendered":"<p>BAOSEM, a subsidiary of SONATRACH and SONELGAZ Groups, has been established on 17 November 2002 within the framework of the Energy Sector\u2019s procurement policy. BAOSEM Company is specialized in publishing the Bidding Bulletin (Tenders) issued by the energy sector\u2019s companies and institutions, The Energy Sector Bidding Bulletin (Tenders) is published in 5 issues per fortnight [&hellip;]<\/p>\n","protected":false},"author":3,"featured_media":0,"parent":0,"menu_order":0,"comment_status":"closed","ping_status":"closed","template":"","meta":{"footnotes":""},"class_list":["post-664","page","type-page","status-publish","hentry"],"_links":{"self":[{"href":"https:\/\/baosem.com\/site\/wp-json\/wp\/v2\/pages\/664","targetHints":{"allow":["GET"]}}],"collection":[{"href":"https:\/\/baosem.com\/site\/wp-json\/wp\/v2\/pages"}],"about":[{"href":"https:\/\/baosem.com\/site\/wp-json\/wp\/v2\/types\/page"}],"author":[{"embeddable":true,"href":"https:\/\/baosem.com\/site\/wp-json\/wp\/v2\/users\/3"}],"replies":[{"embeddable":true,"href":"https:\/\/baosem.com\/site\/wp-json\/wp\/v2\/comments?post=664"}],"version-history":[{"count":18,"href":"https:\/\/baosem.com\/site\/wp-json\/wp\/v2\/pages\/664\/revisions"}],"predecessor-version":[{"id":1250,"href":"https:\/\/baosem.com\/site\/wp-json\/wp\/v2\/pages\/664\/revisions\/1250"}],"wp:attachment":[{"href":"https:\/\/baosem.com\/site\/wp-json\/wp\/v2\/media?parent=664"}],"curies":[{"name":"wp","href":"https:\/\/api.w.org\/{rel}","templated":true}]}}