{"id":678,"date":"2019-12-15T11:19:03","date_gmt":"2019-12-15T10:19:03","guid":{"rendered":"http:\/\/baosem.com\/?page_id=678"},"modified":"2019-12-16T10:31:11","modified_gmt":"2019-12-16T09:31:11","slug":"home","status":"publish","type":"page","link":"https:\/\/baosem.com\/site\/home\/?lang=en","title":{"rendered":"Home"},"content":{"rendered":"<div class=\"vce-row-container\"><div class=\"vce-row vce-row--has-col-background vce-row--col-gap-10 vce-row-equal-height vce-row-columns--top vce-row-content--middle\" id=\"el-4e1f5691\" data-vce-do-apply=\"all el-4e1f5691\"><div class=\"vce-content-background-container\"><\/div><div class=\"vce-row-content\" data-vce-element-content=\"true\"><div class=\"vce-col vce-element--has-background vce-col--md-auto vce-col--xs-1 vce-col--xs-last vce-col--xs-first vce-col--sm-last vce-col--sm-first vce-col--md-last vce-col--lg-last vce-col--xl-last vce-col--md-first vce-col--lg-first vce-col--xl-first\" id=\"el-61d60dc6\"><div class=\"vce-col-inner\" data-vce-do-apply=\"border margin background  el-61d60dc6\"><div class=\"vce-content-background-container\"><div class=\"vce-asset-background-simple-container vce-visible-all-only vce-asset-background-simple--style-cover vce-asset-background-simple--position-center-center\"><div class=\"vce-asset-background-simple\"><div class=\"vce-asset-background-simple-item\" style=\"background-image: url('https:\/\/baosem.com\/site\/wp-content\/uploads\/2019\/11\/usine-petrole.jpg');\"><\/div><\/div><\/div><\/div><div class=\"vce-col-content\" data-vce-element-content=\"true\" data-vce-do-apply=\"padding el-61d60dc6\"><div class=\"vce-row-container\"><div class=\"vce-row vce-element--has-background vce-row--col-gap-30 vce-row-columns--top vce-row-content--top\" id=\"el-99788060\" data-vce-do-apply=\"all el-99788060\"><div class=\"vce-content-background-container\"><\/div><div class=\"vce-row-content\" data-vce-element-content=\"true\"><div class=\"vce-col vce-col--md-auto vce-col--xs-1 vce-col--xs-last vce-col--xs-first vce-col--sm-last vce-col--sm-first vce-col--md-last vce-col--lg-last vce-col--xl-last vce-col--md-first vce-col--lg-first vce-col--xl-first\" id=\"el-6c8db2aa\"><div class=\"vce-col-inner\" data-vce-do-apply=\"border margin background  el-6c8db2aa\"><div class=\"vce-col-content\" data-vce-element-content=\"true\" data-vce-do-apply=\"padding el-6c8db2aa\"><div class=\"vce-google-fonts-heading vce-google-fonts-heading--align-center vce-google-fonts-heading--color-b-255-255-255--45--5C00FF--FF7200 vce-google-fonts-heading--font-family-Lato\"><div class=\"vce-google-fonts-heading-wrapper\"><div class=\"vce-google-fonts-heading--background vce\" id=\"el-c7f4399a\" data-vce-do-apply=\"border background  padding margin el-c7f4399a\"><h5 class=\"vce-google-fonts-heading-inner\" style=\"font-size: 18px; font-weight: 700;\">TENDERS ACCESS \/ ACC\u00c8S APPELS D'OFFRES  :<\/h5><\/div><\/div><\/div><\/div><\/div><\/div><\/div><\/div><\/div><div id=\"el-169faac3\" class=\"vce-contact-form-7--align-left form-connex ac2\"><div class=\"vce vce-contact-form-7\" data-vce-do-apply=\"all el-169faac3\"><p class=\"wpcf7-contact-form-not-found\"><strong>Erreur\u00a0:<\/strong> Formulaire de contact non trouv\u00e9\u00a0!<\/p><\/div><\/div><div class=\"vce-button--style-basic-container btn-forg-pass vce-button--style-basic-container--align-center\"><span class=\"vce-button--style-basic-wrapper vce\" id=\"el-5ff6fa0d\" data-vce-do-apply=\"margin el-5ff6fa0d\"><button class=\"vce-button--style-basic vce-button--style-basic--border-round vce-button--style-basic--size-small vce-button--style-basic--color-b-255-146-1--b-255-255-255\" data-vce-do-apply=\"padding border background  el-5ff6fa0d\"> Forgot your password?<\/button><\/span><\/div><\/div><\/div><\/div><\/div><\/div><\/div><div class=\"vce-row-container\"><div class=\"vce-row vce-row--col-gap-10 vce-row-columns--top vce-row-content--top\" id=\"el-cdd9f2c9\" data-vce-do-apply=\"all el-cdd9f2c9\"><div class=\"vce-content-background-container\"><\/div><div class=\"vce-row-content\" data-vce-element-content=\"true\"><div class=\"vce-col vce-col--md-71-26p vce-col--xs-1 vce-col--xs-last vce-col--xs-first vce-col--sm-last vce-col--sm-first vce-col--md-first vce-col--lg-first vce-col--xl-first\" id=\"el-2226ddb1\"><div class=\"vce-col-inner\" data-vce-do-apply=\"border margin background  el-2226ddb1\"><div class=\"vce-col-content\" data-vce-element-content=\"true\" data-vce-do-apply=\"padding el-2226ddb1\"><div class=\"vce-row-container\"><div class=\"vce-row vce-row--col-gap-30 vce-row-columns--top vce-row-content--top\" id=\"el-14f1fff5\" data-vce-do-apply=\"all el-14f1fff5\"><div class=\"vce-content-background-container\"><\/div><div class=\"vce-row-content\" data-vce-element-content=\"true\"><div class=\"vce-col vce-col--md-auto vce-col--xs-1 vce-col--xs-last vce-col--xs-first vce-col--sm-last vce-col--sm-first vce-col--md-first vce-col--lg-first vce-col--xl-first zoom\" id=\"el-36816e0b\"><div class=\"vce-col-inner\" data-vce-do-apply=\"border margin background  el-36816e0b\" data-vce-animate=\"vce-o-animate--fadeInLeft\"><div class=\"vce-content-background-container\"><\/div><div class=\"vce-col-content\" data-vce-element-content=\"true\" data-vce-do-apply=\"padding el-36816e0b\"><div class=\"vce-row-container\"><div class=\"vce-row vce-row--col-gap-10 title-services vce-row-columns--top vce-row-content--top\" id=\"el-d00a05dc\" data-vce-do-apply=\"all el-d00a05dc\"><div class=\"vce-content-background-container\"><\/div><div class=\"vce-row-content\" data-vce-element-content=\"true\"><div class=\"vce-col vce-col--md-auto vce-col--xs-1 vce-col--xs-last vce-col--xs-first vce-col--sm-last vce-col--sm-first vce-col--md-last vce-col--lg-last vce-col--xl-last vce-col--md-first vce-col--lg-first vce-col--xl-first\" id=\"el-53f3aaac\"><div class=\"vce-col-inner\" data-vce-do-apply=\"border margin background  el-53f3aaac\"><div class=\"vce-col-content\" data-vce-element-content=\"true\" data-vce-do-apply=\"padding el-53f3aaac\"><div class=\"vce-features vce-features--style-none vce-features--align-center vce-features--size-tiny vce-icon--style--icon-color-b-255-146-1 vce-icon--style--shape-color-3cb878\"><div id=\"el-df230301\" class=\"vce vce-features-icon-wrapper\" data-vce-do-apply=\"all el-df230301\"><div class=\"vce-features--icon vce-icon\"><svg xmlns=\"https:\/\/www.w3.org\/2000\/svg\" viewBox=\"0 0 769 769\"><path stroke-width=\"25\" d=\"M565.755 696.27h-360l-180-311.77 180-311.77h360l180 311.77z\"><\/path><\/svg><span class=\"vce-icon-container fas fa-book\"><\/span><\/div><\/div><\/div><div class=\"vce-google-fonts-heading vce-google-fonts-heading--align-center vce-google-fonts-heading--color-b-8-8-8--45--5C00FF--FF7200 vce-google-fonts-heading--font-family-Lato\"><div class=\"vce-google-fonts-heading-wrapper\"><div class=\"vce-google-fonts-heading--background vce\" id=\"el-c2bd00f5\" data-vce-do-apply=\"border background  padding margin el-c2bd00f5\"><h5 class=\"vce-google-fonts-heading-inner\" style=\"font-size: 15px; font-weight: 700;\">Specifications<\/h5><\/div><\/div><\/div><div class=\"vce vce-separator-container vce-separator--align-center vce-separator--style-solid\" id=\"el-8d553203\" data-vce-do-apply=\"margin el-8d553203\"><div class=\"vce-separator vce-separator--color-bfc0c1 vce-separator--width-60 vce-separator--thickness-1\" data-vce-do-apply=\"border padding background  el-8d553203\"><\/div><\/div><\/div><\/div><\/div><\/div><\/div><\/div><div class=\"vce-button--style-basic-icon-container vce link-down-mini vce-button--style-basic-icon-container--align-center\" id=\"el-586901a0\" data-vce-do-apply=\"margin el-586901a0\"><button class=\"vce-button--style-basic-icon vce-button--style-basic-icon--border-round vce-button--style-basic-icon--color-empty--b-0-0-0 vce-button--style-basic-icon--hover-color-empty--b-138-138-138\" data-vce-do-apply=\"padding border background  el-586901a0\"><span class=\"vce-button--style-basic-icon-inner\"><span class=\"vce-button--style-basic-icon-text\"> Download form<\/span><span class=\"vce-button--style-basic-icon-icon fas fa-download\"><\/span><\/span><\/button><\/div><div class=\"vce-button--style-basic-icon-container vce link-down-mini vce-button--style-basic-icon-container--align-center\" id=\"el-20804005\" data-vce-do-apply=\"margin el-20804005\"><button class=\"vce-button--style-basic-icon vce-button--style-basic-icon--border-round vce-button--style-basic-icon--color-empty--b-0-0-0 vce-button--style-basic-icon--hover-color-empty--b-138-138-138\" data-vce-do-apply=\"padding border background  el-20804005\"><span class=\"vce-button--style-basic-icon-inner\"><span class=\"vce-button--style-basic-icon-text\"> Download price list<\/span><span class=\"vce-button--style-basic-icon-icon far fa-money-bill-alt\"><\/span><\/span><\/button><\/div><div class=\"vce-button--style-basic-container btn-forg-pass vce-button--style-basic-container--align-center\"><span class=\"vce-button--style-basic-wrapper vce\" id=\"el-8fa5fdd8\" data-vce-do-apply=\"margin el-8fa5fdd8\"><a class=\"vce-button--style-basic vce-button--style-basic--border-round vce-button--style-basic--size-medium vce-button--style-basic--color-b-255-146-1--b-255-255-255\" href=\"http:\/\/baosem.com\/cahier-des-charges\/\" title=\"\" data-vce-do-apply=\"padding border background  el-8fa5fdd8\">Subscribe<\/a><\/span><\/div><\/div><\/div><\/div><div class=\"vce-col vce-col--md-auto vce-col--xs-1 vce-col--xs-last vce-col--xs-first vce-col--sm-last vce-col--sm-first zoom abonn\" id=\"el-28cb9ebd\"><div class=\"vce-col-inner\" data-vce-do-apply=\"border margin background  el-28cb9ebd\" data-vce-animate=\"vce-o-animate--fadeInDown\"><div class=\"vce-content-background-container\"><\/div><div class=\"vce-col-content\" data-vce-element-content=\"true\" data-vce-do-apply=\"padding el-28cb9ebd\"><div class=\"vce-row-container\"><div class=\"vce-row vce-row--col-gap-10 title-services vce-row-columns--top vce-row-content--top\" id=\"el-6f909f63\" data-vce-do-apply=\"all el-6f909f63\"><div class=\"vce-content-background-container\"><\/div><div class=\"vce-row-content\" data-vce-element-content=\"true\"><div class=\"vce-col vce-col--md-auto vce-col--xs-1 vce-col--xs-last vce-col--xs-first vce-col--sm-last vce-col--sm-first vce-col--md-last vce-col--lg-last vce-col--xl-last vce-col--md-first vce-col--lg-first vce-col--xl-first\" id=\"el-7e63ca7f\"><div class=\"vce-col-inner\" data-vce-do-apply=\"border margin background  el-7e63ca7f\"><div class=\"vce-col-content\" data-vce-element-content=\"true\" data-vce-do-apply=\"padding el-7e63ca7f\"><div class=\"vce-features vce-features--style-none vce-features--align-center vce-features--size-tiny vce-icon--style--icon-color-b-1-205-206 vce-icon--style--shape-color-3cb878\"><div id=\"el-7b5bace1\" class=\"vce vce-features-icon-wrapper\" data-vce-do-apply=\"all el-7b5bace1\"><div class=\"vce-features--icon vce-icon\"><svg xmlns=\"https:\/\/www.w3.org\/2000\/svg\" viewBox=\"0 0 769 769\"><path stroke-width=\"25\" d=\"M565.755 696.27h-360l-180-311.77 180-311.77h360l180 311.77z\"><\/path><\/svg><span class=\"vce-icon-container fas fa-file-signature\"><\/span><\/div><\/div><\/div><div class=\"vce-google-fonts-heading vce-google-fonts-heading--align-center vce-google-fonts-heading--color-b-8-8-8--45--5C00FF--FF7200 vce-google-fonts-heading--font-family-Lato\"><div class=\"vce-google-fonts-heading-wrapper\"><div class=\"vce-google-fonts-heading--background vce\" id=\"el-daad83df\" data-vce-do-apply=\"border background  padding margin el-daad83df\"><h5 class=\"vce-google-fonts-heading-inner\" style=\"font-size: 15px; font-weight: 700;\">Subscription<\/h5><\/div><\/div><\/div><div class=\"vce vce-separator-container vce-separator--align-center vce-separator--style-solid\" id=\"el-91ab1195\" data-vce-do-apply=\"margin el-91ab1195\"><div class=\"vce-separator vce-separator--color-bfc0c1 vce-separator--width-60 vce-separator--thickness-1\" data-vce-do-apply=\"border padding background  el-91ab1195\"><\/div><\/div><\/div><\/div><\/div><\/div><\/div><\/div><div class=\"vce-button--style-basic-icon-container vce link-down-mini vce-button--style-basic-icon-container--align-center\" id=\"el-a66035ba\" data-vce-do-apply=\"margin el-a66035ba\"><button class=\"vce-button--style-basic-icon vce-button--style-basic-icon--border-round vce-button--style-basic-icon--color-empty--b-0-0-0 vce-button--style-basic-icon--hover-color-empty--b-138-138-138\" data-vce-do-apply=\"padding border background  el-a66035ba\"><span class=\"vce-button--style-basic-icon-inner\"><span class=\"vce-button--style-basic-icon-text\"> Download form<\/span><span class=\"vce-button--style-basic-icon-icon fas fa-download\"><\/span><\/span><\/button><\/div><div class=\"vce-button--style-basic-icon-container vce link-down-mini vce-button--style-basic-icon-container--align-center\" id=\"el-fd21523a\" data-vce-do-apply=\"margin el-fd21523a\"><button class=\"vce-button--style-basic-icon vce-button--style-basic-icon--border-round vce-button--style-basic-icon--color-empty--b-0-0-0 vce-button--style-basic-icon--hover-color-empty--b-138-138-138\" data-vce-do-apply=\"padding border background  el-fd21523a\"><span class=\"vce-button--style-basic-icon-inner\"><span class=\"vce-button--style-basic-icon-text\"> Download price list<\/span><span class=\"vce-button--style-basic-icon-icon far fa-money-bill-alt\"><\/span><\/span><\/button><\/div><div class=\"vce-button--style-basic-container btn-forg-pass vce-button--style-basic-container--align-center\"><span class=\"vce-button--style-basic-wrapper vce\" id=\"el-1ae77e41\" data-vce-do-apply=\"margin el-1ae77e41\"><a class=\"vce-button--style-basic vce-button--style-basic--border-round vce-button--style-basic--size-medium vce-button--style-basic--color-b-1-205-206--b-255-255-255\" href=\"http:\/\/baosem.com\/abonnement\/\" title=\"\" data-vce-do-apply=\"padding border background  el-1ae77e41\">Subscribe<\/a><\/span><\/div><\/div><\/div><\/div><div class=\"vce-col vce-col--md-auto vce-col--xs-1 vce-col--xs-last vce-col--xs-first vce-col--sm-last vce-col--sm-first vce-col--md-last vce-col--lg-last vce-col--xl-last zoom\" id=\"el-561a2c2d\"><div class=\"vce-col-inner\" data-vce-do-apply=\"border margin background  el-561a2c2d\" data-vce-animate=\"vce-o-animate--fadeInRight\"><div class=\"vce-content-background-container\"><\/div><div class=\"vce-col-content\" data-vce-element-content=\"true\" data-vce-do-apply=\"padding el-561a2c2d\"><div class=\"vce-row-container\"><div class=\"vce-row vce-row--col-gap-10 title-services vce-row-columns--top vce-row-content--top\" id=\"el-f367866b\" data-vce-do-apply=\"all el-f367866b\"><div class=\"vce-content-background-container\"><\/div><div class=\"vce-row-content\" data-vce-element-content=\"true\"><div class=\"vce-col vce-col--md-auto vce-col--xs-1 vce-col--xs-last vce-col--xs-first vce-col--sm-last vce-col--sm-first vce-col--md-last vce-col--lg-last vce-col--xl-last vce-col--md-first vce-col--lg-first vce-col--xl-first\" id=\"el-a9e1e989\"><div class=\"vce-col-inner\" data-vce-do-apply=\"border margin background  el-a9e1e989\"><div class=\"vce-col-content\" data-vce-element-content=\"true\" data-vce-do-apply=\"padding el-a9e1e989\"><div class=\"vce-features vce-features--style-none vce-features--align-center vce-features--size-tiny vce-icon--style--icon-color-b-255-146-1 vce-icon--style--shape-color-3cb878\"><div id=\"el-a9754a68\" class=\"vce vce-features-icon-wrapper\" data-vce-do-apply=\"all el-a9754a68\"><div class=\"vce-features--icon vce-icon\"><svg xmlns=\"https:\/\/www.w3.org\/2000\/svg\" viewBox=\"0 0 769 769\"><path stroke-width=\"25\" d=\"M565.755 696.27h-360l-180-311.77 180-311.77h360l180 311.77z\"><\/path><\/svg><span class=\"vce-icon-container fas fa-bullhorn\"><\/span><\/div><\/div><\/div><div class=\"vce-google-fonts-heading vce-google-fonts-heading--align-center vce-google-fonts-heading--color-b-8-8-8--45--5C00FF--FF7200 vce-google-fonts-heading--font-family-Lato\"><div class=\"vce-google-fonts-heading-wrapper\"><div class=\"vce-google-fonts-heading--background vce\" id=\"el-156dedb2\" data-vce-do-apply=\"border background  padding margin el-156dedb2\"><h5 class=\"vce-google-fonts-heading-inner\" style=\"font-size: 15px; font-weight: 700;\">Advertising<\/h5><\/div><\/div><\/div><div class=\"vce vce-separator-container vce-separator--align-center vce-separator--style-solid\" id=\"el-4ae3636b\" data-vce-do-apply=\"margin el-4ae3636b\"><div class=\"vce-separator vce-separator--color-bfc0c1 vce-separator--width-60 vce-separator--thickness-1\" data-vce-do-apply=\"border padding background  el-4ae3636b\"><\/div><\/div><\/div><\/div><\/div><\/div><\/div><\/div><div class=\"vce-button--style-basic-icon-container vce link-down-mini vce-button--style-basic-icon-container--align-center\" id=\"el-0b3efb9f\" data-vce-do-apply=\"margin el-0b3efb9f\"><button class=\"vce-button--style-basic-icon vce-button--style-basic-icon--border-round vce-button--style-basic-icon--color-empty--b-0-0-0 vce-button--style-basic-icon--hover-color-empty--b-138-138-138\" data-vce-do-apply=\"padding border background  el-0b3efb9f\"><span class=\"vce-button--style-basic-icon-inner\"><span class=\"vce-button--style-basic-icon-text\"> Download form<\/span><span class=\"vce-button--style-basic-icon-icon fas fa-download\"><\/span><\/span><\/button><\/div><div class=\"vce-button--style-basic-icon-container vce link-down-mini vce-button--style-basic-icon-container--align-center\" id=\"el-a293064d\" data-vce-do-apply=\"margin el-a293064d\"><button class=\"vce-button--style-basic-icon vce-button--style-basic-icon--border-round vce-button--style-basic-icon--color-empty--b-0-0-0 vce-button--style-basic-icon--hover-color-empty--b-138-138-138\" data-vce-do-apply=\"padding border background  el-a293064d\"><span class=\"vce-button--style-basic-icon-inner\"><span class=\"vce-button--style-basic-icon-text\"> Download price list<\/span><span class=\"vce-button--style-basic-icon-icon far fa-money-bill-alt\"><\/span><\/span><\/button><\/div><div class=\"vce-button--style-basic-container btn-forg-pass vce-button--style-basic-container--align-center\"><span class=\"vce-button--style-basic-wrapper vce\" id=\"el-5d67f239\" data-vce-do-apply=\"margin el-5d67f239\"><a class=\"vce-button--style-basic vce-button--style-basic--border-round vce-button--style-basic--size-medium vce-button--style-basic--color-b-255-146-1--b-255-255-255\" href=\"http:\/\/baosem.com\/publicite\/\" title=\"\" data-vce-do-apply=\"padding border background  el-5d67f239\">Subscribe<\/a><\/span><\/div><\/div><\/div><\/div><\/div><\/div><\/div><\/div><\/div><\/div><div class=\"vce-col vce-col--md-auto vce-col--xs-1 vce-col--xs-last vce-col--xs-first vce-col--sm-last vce-col--sm-first vce-col--md-last vce-col--lg-last vce-col--xl-last\" id=\"el-972bdf6c\"><div class=\"vce-col-inner\" data-vce-do-apply=\"border margin background  el-972bdf6c\"><div class=\"vce-col-content\" data-vce-element-content=\"true\" data-vce-do-apply=\"padding el-972bdf6c\"><div class=\"vce-shortcode pub-cote\"><div class=\"vce-shortcode-wrapper vce\" id=\"el-dd31e006\" data-vce-do-apply=\"all el-dd31e006\"><!-- Soit il n'y a pas de banni\u00e8res, ils sont desactiv\u00e9es ou pas qualifi\u00e9es pour cet endroit! --><\/div><\/div><\/div><\/div><\/div><\/div><\/div><\/div>\n","protected":false},"excerpt":{"rendered":"<p>TENDERS ACCESS \/ ACC\u00c8S APPELS D&rsquo;OFFRES : Forgot your password?Specifications Download form Download price listSubscribeSubscription Download form Download price listSubscribeAdvertising Download form Download price listSubscribe<\/p>\n","protected":false},"author":3,"featured_media":0,"parent":0,"menu_order":0,"comment_status":"closed","ping_status":"closed","template":"","meta":{"footnotes":""},"class_list":["post-678","page","type-page","status-publish","hentry"],"_links":{"self":[{"href":"https:\/\/baosem.com\/site\/wp-json\/wp\/v2\/pages\/678","targetHints":{"allow":["GET"]}}],"collection":[{"href":"https:\/\/baosem.com\/site\/wp-json\/wp\/v2\/pages"}],"about":[{"href":"https:\/\/baosem.com\/site\/wp-json\/wp\/v2\/types\/page"}],"author":[{"embeddable":true,"href":"https:\/\/baosem.com\/site\/wp-json\/wp\/v2\/users\/3"}],"replies":[{"embeddable":true,"href":"https:\/\/baosem.com\/site\/wp-json\/wp\/v2\/comments?post=678"}],"version-history":[{"count":8,"href":"https:\/\/baosem.com\/site\/wp-json\/wp\/v2\/pages\/678\/revisions"}],"predecessor-version":[{"id":729,"href":"https:\/\/baosem.com\/site\/wp-json\/wp\/v2\/pages\/678\/revisions\/729"}],"wp:attachment":[{"href":"https:\/\/baosem.com\/site\/wp-json\/wp\/v2\/media?parent=678"}],"curies":[{"name":"wp","href":"https:\/\/api.w.org\/{rel}","templated":true}]}}