{"id":828,"date":"2020-07-30T11:10:07","date_gmt":"2020-07-30T09:10:07","guid":{"rendered":"http:\/\/baosem.com\/?page_id=828"},"modified":"2022-01-31T15:28:15","modified_gmt":"2022-01-31T14:28:15","slug":"devis-travaux-de-communications","status":"publish","type":"page","link":"https:\/\/baosem.com\/site\/devis-travaux-de-communications\/","title":{"rendered":"Devis Travaux de communications"},"content":{"rendered":"<div class=\"vce-row-container\" data-vce-boxed-width=\"true\"><div class=\"vce-row vce-row--col-gap-30 vce-row-wrap--reverse vce-row-equal-height vce-row-content--top\" id=\"el-4e30ace2\" data-vce-do-apply=\"all el-4e30ace2\"><div class=\"vce-content-background-container\"><\/div><div class=\"vce-row-content\" data-vce-element-content=\"true\"><div class=\"vce-col vce-col--md-69-69p vce-col--xs-1 vce-col--xs-last vce-col--xs-first vce-col--sm-last vce-col--sm-first vce-col--md-first vce-col--lg-first vce-col--xl-first\" id=\"el-1d3b4d4a\"><div class=\"vce-col-inner\" data-vce-do-apply=\"border margin background  el-1d3b4d4a\"><div class=\"vce-col-content\" data-vce-element-content=\"true\" data-vce-do-apply=\"padding el-1d3b4d4a\"><div id=\"el-97ea2eaf\" class=\"vce-contact-form-7--align-left form-sous\"><div class=\"vce vce-contact-form-7\" data-vce-do-apply=\"all el-97ea2eaf\">\n<div class=\"wpcf7 no-js\" id=\"wpcf7-f832-o1\" lang=\"fr-FR\" dir=\"ltr\" data-wpcf7-id=\"832\">\n<div class=\"screen-reader-response\"><p role=\"status\" aria-live=\"polite\" aria-atomic=\"true\"><\/p> <ul><\/ul><\/div>\n<form action=\"\/site\/wp-json\/wp\/v2\/pages\/828#wpcf7-f832-o1\" method=\"post\" class=\"wpcf7-form init\" aria-label=\"Formulaire de contact\" enctype=\"multipart\/form-data\" novalidate=\"novalidate\" data-status=\"init\">\n<fieldset class=\"hidden-fields-container\"><input type=\"hidden\" name=\"_wpcf7\" value=\"832\" \/><input type=\"hidden\" name=\"_wpcf7_version\" value=\"6.1.5\" \/><input type=\"hidden\" name=\"_wpcf7_locale\" value=\"fr_FR\" \/><input type=\"hidden\" name=\"_wpcf7_unit_tag\" value=\"wpcf7-f832-o1\" \/><input type=\"hidden\" name=\"_wpcf7_container_post\" value=\"0\" \/><input type=\"hidden\" name=\"_wpcf7_posted_data_hash\" value=\"\" \/><input type=\"hidden\" name=\"_wpcf7cf_hidden_group_fields\" value=\"[]\" \/><input type=\"hidden\" name=\"_wpcf7cf_hidden_groups\" value=\"[]\" \/><input type=\"hidden\" name=\"_wpcf7cf_visible_groups\" value=\"[]\" \/><input type=\"hidden\" name=\"_wpcf7cf_repeaters\" value=\"[]\" \/><input type=\"hidden\" name=\"_wpcf7cf_steps\" value=\"{}\" \/><input type=\"hidden\" name=\"_wpcf7cf_options\" value=\"{&quot;form_id&quot;:832,&quot;conditions&quot;:[],&quot;settings&quot;:{&quot;animation&quot;:&quot;yes&quot;,&quot;animation_intime&quot;:200,&quot;animation_outtime&quot;:200,&quot;conditions_ui&quot;:&quot;normal&quot;,&quot;notice_dismissed&quot;:false}}\" \/><input type=\"hidden\" name=\"_wpcf7_recaptcha_response\" value=\"\" \/>\n<\/fieldset>\n<div class=\"cf7row\">\n\t<div class=\"cf7column\" style=\"width:100%\">\n\t\t<p>D\u00e9nomination *<span class=\"wpcf7-form-control-wrap\" data-name=\"denomination\"><input size=\"40\" maxlength=\"400\" class=\"wpcf7-form-control wpcf7-text wpcf7-validates-as-required\" aria-required=\"true\" aria-invalid=\"false\" placeholder=\"D\u00e9nomination*\" value=\"\" type=\"text\" name=\"denomination\" \/><\/span>\n\t\t<\/p>\n\t<\/div>\n<\/div>\n<div class=\"cf7row\">\n\t<div class=\"cf7column\" style=\"width:100%\">\n\t\t<p>Personne \u00e0 contacter<span class=\"wpcf7-form-control-wrap\" data-name=\"pers-contact\"><input size=\"40\" maxlength=\"400\" class=\"wpcf7-form-control wpcf7-text\" aria-invalid=\"false\" placeholder=\"Personne \u00e0 contacter\" value=\"\" type=\"text\" name=\"pers-contact\" \/><\/span>\n\t\t<\/p>\n\t<\/div>\n<\/div>\n<div class=\"cf7row\">\n\t<div class=\"cf7column\" style=\"width:100%\">\n\t\t<p>Email (de contact) *<span class=\"wpcf7-form-control-wrap\" data-name=\"your-email\"><input size=\"40\" maxlength=\"400\" class=\"wpcf7-form-control wpcf7-email wpcf7-validates-as-required wpcf7-text wpcf7-validates-as-email\" aria-required=\"true\" aria-invalid=\"false\" placeholder=\"Email (de contact) *\" value=\"\" type=\"email\" name=\"your-email\" \/><\/span>\n\t\t<\/p>\n\t<\/div>\n<\/div>\n<div class=\"cf7row\">\n\t<div class=\"cf7column\">\n\t\t<p>Tel * <span class=\"wpcf7-form-control-wrap\" data-name=\"tel\"><input size=\"40\" maxlength=\"400\" class=\"wpcf7-form-control wpcf7-tel wpcf7-validates-as-required wpcf7-text wpcf7-validates-as-tel\" aria-required=\"true\" aria-invalid=\"false\" placeholder=\"Tel *\" value=\"\" type=\"tel\" name=\"tel\" \/><\/span>\n\t\t<\/p>\n\t<\/div>\n\t<div class=\"cf7column\">\n\t\t<p>Fax <span class=\"wpcf7-form-control-wrap\" data-name=\"fax\"><input size=\"40\" maxlength=\"400\" class=\"wpcf7-form-control wpcf7-tel wpcf7-text wpcf7-validates-as-tel\" aria-invalid=\"false\" placeholder=\"Fax\" value=\"\" type=\"tel\" name=\"fax\" \/><\/span>\n\t\t<\/p>\n\t<\/div>\n<\/div>\n<div class=\"cf7row\">\n\t<div class=\"cf7column\">\n\t\t<p>Mobile <span class=\"wpcf7-form-control-wrap\" data-name=\"mob\"><input size=\"40\" maxlength=\"400\" class=\"wpcf7-form-control wpcf7-tel wpcf7-text wpcf7-validates-as-tel\" aria-invalid=\"false\" placeholder=\"Mobile\" value=\"\" type=\"tel\" name=\"mob\" \/><\/span>\n\t\t<\/p>\n\t<\/div>\n\t<div class=\"cf7column\">\n\t\t<p>Site web <span class=\"wpcf7-form-control-wrap\" data-name=\"web\"><input size=\"40\" maxlength=\"400\" class=\"wpcf7-form-control wpcf7-text\" aria-invalid=\"false\" placeholder=\"Site web\" value=\"\" type=\"text\" name=\"web\" \/><\/span>\n\t\t<\/p>\n\t<\/div>\n<\/div>\n<div class=\"cf7row\">\n\t<div class=\"cf7column\">\n\t\t<p>Ville* <span class=\"wpcf7-form-control-wrap\" data-name=\"ville\"><input size=\"40\" maxlength=\"400\" class=\"wpcf7-form-control wpcf7-text wpcf7-validates-as-required\" aria-required=\"true\" aria-invalid=\"false\" placeholder=\"Ville*\" value=\"\" type=\"text\" name=\"ville\" \/><\/span>\n\t\t<\/p>\n\t<\/div>\n\t<div class=\"cf7column\">\n\t\t<p>Pays* <span class=\"wpcf7-form-control-wrap\" data-name=\"pays\"><select class=\"wpcf7-form-control wpcf7-select wpcf7-validates-as-required\" aria-required=\"true\" aria-invalid=\"false\" name=\"pays\"><option value=\"\">&#8212;Veuillez choisir une option&#8212;<\/option><option value=\"Afghanistan\">Afghanistan<\/option><option value=\"Afrique du Sud\">Afrique du Sud<\/option><option value=\"Aland (\u00celes)\">Aland (\u00celes)<\/option><option value=\"Albanie\">Albanie<\/option><option value=\"Alg\u00e9rie\">Alg\u00e9rie<\/option><option value=\"Allemagne\">Allemagne<\/option><option value=\"Andorre\">Andorre<\/option><option value=\"Angola\">Angola<\/option><option value=\"Anguilla\">Anguilla<\/option><option value=\"Antarctique\">Antarctique<\/option><option value=\"Antigua-et-Barbuda\">Antigua-et-Barbuda<\/option><option value=\"Arabie saoudite\">Arabie saoudite<\/option><option value=\"Argentine\">Argentine<\/option><option value=\"Arm\u00e9nie\">Arm\u00e9nie<\/option><option value=\"Aruba\">Aruba<\/option><option value=\"Australie\">Australie<\/option><option value=\"Autriche\">Autriche<\/option><option value=\"Azerba\u00efdjan\">Azerba\u00efdjan<\/option><option value=\"Bahamas\">Bahamas<\/option><option value=\"Bahre\u00efn\">Bahre\u00efn<\/option><option value=\"Bangladesh\">Bangladesh<\/option><option value=\"Barbade\">Barbade<\/option><option value=\"Belgique\">Belgique<\/option><option value=\"Belize\">Belize<\/option><option value=\"Bermudes\">Bermudes<\/option><option value=\"Bhoutan\">Bhoutan<\/option><option value=\"Bolivie (\u00c9tat plurinational de)\">Bolivie (\u00c9tat plurinational de)<\/option><option value=\"Bonaire, Saint-Eustache et Saba\">Bonaire, Saint-Eustache et Saba<\/option><option value=\"Bosnie-Herz\u00e9govine\">Bosnie-Herz\u00e9govine<\/option><option value=\"Botswana\">Botswana<\/option><option value=\"Bouvet (\u00cele)\">Bouvet (\u00cele)<\/option><option value=\"Brun\u00e9i Darussalam\">Brun\u00e9i Darussalam<\/option><option value=\"Br\u00e9sil\">Br\u00e9sil<\/option><option value=\"Bulgarie\">Bulgarie<\/option><option value=\"Burkina Faso\">Burkina Faso<\/option><option value=\"Burundi\">Burundi<\/option><option value=\"B\u00e9larus\">B\u00e9larus<\/option><option value=\"B\u00e9nin\">B\u00e9nin<\/option><option value=\"Cabo Verde\">Cabo Verde<\/option><option value=\"Cambodge\">Cambodge<\/option><option value=\"Cameroun\">Cameroun<\/option><option value=\"Canada\">Canada<\/option><option value=\"Ca\u00efmans (\u00celes)\">Ca\u00efmans (\u00celes)<\/option><option value=\"Chili\">Chili<\/option><option value=\"Chine\">Chine<\/option><option value=\"Christmas (\u00cele)\">Christmas (\u00cele)<\/option><option value=\"Chypre\">Chypre<\/option><option value=\"Cocos (\u00celes) \/ Keeling (\u00celes)\">Cocos (\u00celes) \/ Keeling (\u00celes)<\/option><option value=\"Colombie\">Colombie<\/option><option value=\"Comores\">Comores<\/option><option value=\"Congo\">Congo<\/option><option value=\"Congo (R\u00e9publique d\u00e9mocratique du)\">Congo (R\u00e9publique d\u00e9mocratique du)<\/option><option value=\"Cook (\u00celes)\">Cook (\u00celes)<\/option><option value=\"Cor\u00e9e (R\u00e9publique de)\">Cor\u00e9e (R\u00e9publique de)<\/option><option value=\"Cor\u00e9e (R\u00e9publique populaire d\u00e9mocratique de)\">Cor\u00e9e (R\u00e9publique populaire d\u00e9mocratique de)<\/option><option value=\"Costa Rica\">Costa Rica<\/option><option value=\"Croatie\">Croatie<\/option><option value=\"Cuba\">Cuba<\/option><option value=\"Cura\u00e7ao\">Cura\u00e7ao<\/option><option value=\"C\u00f4te d&#039;Ivoire\">C\u00f4te d&#039;Ivoire<\/option><option value=\"Danemark\">Danemark<\/option><option value=\"Djibouti\">Djibouti<\/option><option value=\"dominicaine (R\u00e9publique)\">dominicaine (R\u00e9publique)<\/option><option value=\"Dominique\">Dominique<\/option><option value=\"Egypte\">Egypte<\/option><option value=\"El Salvador\">El Salvador<\/option><option value=\"Emirats arabes unis\">Emirats arabes unis<\/option><option value=\"Equateur\">Equateur<\/option><option value=\"Erythr\u00e9e\">Erythr\u00e9e<\/option><option value=\"Espagne\">Espagne<\/option><option value=\"Estonie\">Estonie<\/option><option value=\"Etats-Unis d&#039;Am\u00e9rique\">Etats-Unis d&#039;Am\u00e9rique<\/option><option value=\"Ethiopie\">Ethiopie<\/option><option value=\"Falkland (\u00celes) \/ Malouines (\u00celes)\">Falkland (\u00celes) \/ Malouines (\u00celes)<\/option><option value=\"Fidji\">Fidji<\/option><option value=\"Finlande\">Finlande<\/option><option value=\"France\">France<\/option><option value=\"F\u00e9ro\u00e9 (\u00celes)\">F\u00e9ro\u00e9 (\u00celes)<\/option><option value=\"Gabon\">Gabon<\/option><option value=\"Gambie\">Gambie<\/option><option value=\"Ghana\">Ghana<\/option><option value=\"Gibraltar\">Gibraltar<\/option><option value=\"Grenade\">Grenade<\/option><option value=\"Groenland\">Groenland<\/option><option value=\"Gr\u00e8ce\">Gr\u00e8ce<\/option><option value=\"Guadeloupe\">Guadeloupe<\/option><option value=\"Guam\">Guam<\/option><option value=\"Guatemala\">Guatemala<\/option><option value=\"Guernesey\">Guernesey<\/option><option value=\"Guin\u00e9e\">Guin\u00e9e<\/option><option value=\"Guin\u00e9e \u00e9quatoriale\">Guin\u00e9e \u00e9quatoriale<\/option><option value=\"Guin\u00e9e-Bissau\">Guin\u00e9e-Bissau<\/option><option value=\"Guyana\">Guyana<\/option><option value=\"Guyane fran\u00e7aise\">Guyane fran\u00e7aise<\/option><option value=\"G\u00e9orgie\">G\u00e9orgie<\/option><option value=\"G\u00e9orgie du Sud-et-les \u00celes Sandwich du Sud\">G\u00e9orgie du Sud-et-les \u00celes Sandwich du Sud<\/option><option value=\"Ha\u00efti\">Ha\u00efti<\/option><option value=\"Heard-et-MacDonald (\u00cele)\">Heard-et-MacDonald (\u00cele)<\/option><option value=\"Honduras\">Honduras<\/option><option value=\"Hong Kong\">Hong Kong<\/option><option value=\"Hongrie\">Hongrie<\/option><option value=\"Ile de Man\">Ile de Man<\/option><option value=\"Iles mineures \u00e9loign\u00e9es des \u00c9tats-Unis\">Iles mineures \u00e9loign\u00e9es des \u00c9tats-Unis<\/option><option value=\"Inde\">Inde<\/option><option value=\"Indien (Territoire britannique de oc\u00e9an)\">Indien (Territoire britannique de oc\u00e9an)<\/option><option value=\"Indon\u00e9sie\">Indon\u00e9sie<\/option><option value=\"Iran (R\u00e9publique Islamique d&#039;)\">Iran (R\u00e9publique Islamique d&#039;)<\/option><option value=\"Iraq\">Iraq<\/option><option value=\"Irlande\">Irlande<\/option><option value=\"Islande\">Islande<\/option><option value=\"Sahara occidental\">Sahara occidental<\/option><option value=\"Italie\">Italie<\/option><option value=\"Jama\u00efque\">Jama\u00efque<\/option><option value=\"Japon\">Japon<\/option><option value=\"Jersey\">Jersey<\/option><option value=\"Jordanie\">Jordanie<\/option><option value=\"Kazakhstan\">Kazakhstan<\/option><option value=\"Kenya\">Kenya<\/option><option value=\"Kirghizistan\">Kirghizistan<\/option><option value=\"Kiribati\">Kiribati<\/option><option value=\"Kowe\u00eft\">Kowe\u00eft<\/option><option value=\"Lao, R\u00e9publique d\u00e9mocratique populaire\">Lao, R\u00e9publique d\u00e9mocratique populaire<\/option><option value=\"Lesotho\">Lesotho<\/option><option value=\"Lettonie\">Lettonie<\/option><option value=\"Liban\">Liban<\/option><option value=\"Libye\">Libye<\/option><option value=\"Lib\u00e9ria\">Lib\u00e9ria<\/option><option value=\"Liechtenstein\">Liechtenstein<\/option><option value=\"Lituanie\">Lituanie<\/option><option value=\"Luxembourg\">Luxembourg<\/option><option value=\"Macao\">Macao<\/option><option value=\"Mac\u00e9doine (ex-R\u00e9publique yougoslave de)\">Mac\u00e9doine (ex-R\u00e9publique yougoslave de)<\/option><option value=\"Madagascar\">Madagascar<\/option><option value=\"Malaisie\">Malaisie<\/option><option value=\"Malawi\">Malawi<\/option><option value=\"Maldives\">Maldives<\/option><option value=\"Mali\">Mali<\/option><option value=\"Malte\">Malte<\/option><option value=\"Mariannes du Nord (\u00celes)\">Mariannes du Nord (\u00celes)<\/option><option value=\"Maroc\">Maroc<\/option><option value=\"Marshall (\u00celes)\">Marshall (\u00celes)<\/option><option value=\"Martinique\">Martinique<\/option><option value=\"Maurice\">Maurice<\/option><option value=\"Mauritanie\">Mauritanie<\/option><option value=\"Mayotte\">Mayotte<\/option><option value=\"Mexique\">Mexique<\/option><option value=\"Micron\u00e9sie (\u00c9tats f\u00e9d\u00e9r\u00e9s de)\">Micron\u00e9sie (\u00c9tats f\u00e9d\u00e9r\u00e9s de)<\/option><option value=\"Moldova (R\u00e9publique de)\">Moldova (R\u00e9publique de)<\/option><option value=\"Monaco\">Monaco<\/option><option value=\"Mongolie\">Mongolie<\/option><option value=\"Montserrat\">Montserrat<\/option><option value=\"Mont\u00e9n\u00e9gro\">Mont\u00e9n\u00e9gro<\/option><option value=\"Mozambique\">Mozambique<\/option><option value=\"Myanmar\">Myanmar<\/option><option value=\"Namibie\">Namibie<\/option><option value=\"Nauru\">Nauru<\/option><option value=\"Nicaragua\">Nicaragua<\/option><option value=\"Niger\">Niger<\/option><option value=\"Nig\u00e9ria\">Nig\u00e9ria<\/option><option value=\"Niue\">Niue<\/option><option value=\"Norfolk (\u00cele)\">Norfolk (\u00cele)<\/option><option value=\"Norv\u00e8ge\">Norv\u00e8ge<\/option><option value=\"Nouvelle-Cal\u00e9donie\">Nouvelle-Cal\u00e9donie<\/option><option value=\"Nouvelle-Z\u00e9lande\">Nouvelle-Z\u00e9lande<\/option><option value=\"N\u00e9pal\">N\u00e9pal<\/option><option value=\"Oman\">Oman<\/option><option value=\"Ouganda\">Ouganda<\/option><option value=\"Ouzb\u00e9kistan\">Ouzb\u00e9kistan<\/option><option value=\"Pakistan\">Pakistan<\/option><option value=\"Palaos\">Palaos<\/option><option value=\"Palestine\">Palestine<\/option><option value=\"\u00c9tat de Panama\">\u00c9tat de Panama<\/option><option value=\"Papouasie-Nouvelle-Guin\u00e9e\">Papouasie-Nouvelle-Guin\u00e9e<\/option><option value=\"Paraguay\">Paraguay<\/option><option value=\"Pays-Bas\">Pays-Bas<\/option><option value=\"Philippines\">Philippines<\/option><option value=\"Pitcairn\">Pitcairn<\/option><option value=\"Pologne\">Pologne<\/option><option value=\"Polyn\u00e9sie fran\u00e7aise\">Polyn\u00e9sie fran\u00e7aise<\/option><option value=\"Porto Rico\">Porto Rico<\/option><option value=\"Portugal\">Portugal<\/option><option value=\"P\u00e9rou\">P\u00e9rou<\/option><option value=\"Qatar\">Qatar<\/option><option value=\"Roumanie\">Roumanie<\/option><option value=\"Royaume-Uni de Grande-Bretagne et d&#039;Irlande du Nord\">Royaume-Uni de Grande-Bretagne et d&#039;Irlande du Nord<\/option><option value=\"Russie (F\u00e9d\u00e9ration de)\">Russie (F\u00e9d\u00e9ration de)<\/option><option value=\"Rwanda\">Rwanda<\/option><option value=\"R\u00e9publique arabe syrienne\">R\u00e9publique arabe syrienne<\/option><option value=\"R\u00e9publique centrafricaine\">R\u00e9publique centrafricaine<\/option><option value=\"R\u00e9union\">R\u00e9union<\/option><option value=\"Sahara occidental\">Sahara occidental<\/option><option value=\"Saint-Barth\u00e9lemy\">Saint-Barth\u00e9lemy<\/option><option value=\"Saint-Kitts-et-Nevis\">Saint-Kitts-et-Nevis<\/option><option value=\"Saint-Marin\">Saint-Marin<\/option><option value=\"Saint-Martin (partie fran\u00e7aise)\">Saint-Martin (partie fran\u00e7aise)<\/option><option value=\"Saint-Martin (partie n\u00e9erlandaise)\">Saint-Martin (partie n\u00e9erlandaise)<\/option><option value=\"Saint-Pierre-et-Miquelon\">Saint-Pierre-et-Miquelon<\/option><option value=\"Saint-Si\u00e8ge\">Saint-Si\u00e8ge<\/option><option value=\"Saint-Vincent-et-Grenadines\">Saint-Vincent-et-Grenadines<\/option><option value=\"Sainte-H\u00e9l\u00e8ne, Ascension et Tristan da Cunha\">Sainte-H\u00e9l\u00e8ne, Ascension et Tristan da Cunha<\/option><option value=\"Sainte-Lucie\">Sainte-Lucie<\/option><option value=\"Salomon (\u00celes)\">Salomon (\u00celes)<\/option><option value=\"Samoa\">Samoa<\/option><option value=\"Samoa am\u00e9ricaines\">Samoa am\u00e9ricaines<\/option><option value=\"Sao Tom\u00e9-et-Principe\">Sao Tom\u00e9-et-Principe<\/option><option value=\"Serbie\">Serbie<\/option><option value=\"Seychelles\">Seychelles<\/option><option value=\"Sierra Leone\">Sierra Leone<\/option><option value=\"Singapour\">Singapour<\/option><option value=\"Slovaquie\">Slovaquie<\/option><option value=\"Slov\u00e9nie\">Slov\u00e9nie<\/option><option value=\"Somalie\">Somalie<\/option><option value=\"Soudan\">Soudan<\/option><option value=\"Soudan du Sud\">Soudan du Sud<\/option><option value=\"Sri Lanka\">Sri Lanka<\/option><option value=\"Suisse\">Suisse<\/option><option value=\"Suriname\">Suriname<\/option><option value=\"Su\u00e8de\">Su\u00e8de<\/option><option value=\"Svalbard et \u00cele Jan Mayen\">Svalbard et \u00cele Jan Mayen<\/option><option value=\"Swaziland\">Swaziland<\/option><option value=\"S\u00e9n\u00e9gal\">S\u00e9n\u00e9gal<\/option><option value=\"Tadjikistan\">Tadjikistan<\/option><option value=\"Tanzanie, R\u00e9publique-Unie de\">Tanzanie, R\u00e9publique-Unie de<\/option><option value=\"Ta\u00efwan (Province de Chine)\">Ta\u00efwan (Province de Chine)<\/option><option value=\"Tchad\">Tchad<\/option><option value=\"Tch\u00e9quie\">Tch\u00e9quie<\/option><option value=\"Terres austrafran\u00e7aises\">Terres austrafran\u00e7aises<\/option><option value=\"Tha\u00eflande\">Tha\u00eflande<\/option><option value=\"Timor-Leste\">Timor-Leste<\/option><option value=\"Togo\">Togo<\/option><option value=\"Tokelau\">Tokelau<\/option><option value=\"Tonga\">Tonga<\/option><option value=\"Trinit\u00e9-et-Tobago\">Trinit\u00e9-et-Tobago<\/option><option value=\"Tunisie\">Tunisie<\/option><option value=\"Turkm\u00e9nistan\">Turkm\u00e9nistan<\/option><option value=\"Turks-et-Ca\u00efcos (\u00celes)\">Turks-et-Ca\u00efcos (\u00celes)<\/option><option value=\"Turquie\">Turquie<\/option><option value=\"Tuvalu\">Tuvalu<\/option><option value=\"Ukraine\">Ukraine<\/option><option value=\"Uruguay\">Uruguay<\/option><option value=\"Vanuatu\">Vanuatu<\/option><option value=\"Venezuela (R\u00e9publique bolivarienne du)\">Venezuela (R\u00e9publique bolivarienne du)<\/option><option value=\"Vierges britanniques (\u00celes)\">Vierges britanniques (\u00celes)<\/option><option value=\"Vierges des \u00c9tats-Unis (\u00celes)\">Vierges des \u00c9tats-Unis (\u00celes)<\/option><option value=\"Viet Nam\">Viet Nam<\/option><option value=\"Wallis-et-Futuna\">Wallis-et-Futuna<\/option><option value=\"Y\u00e9men\">Y\u00e9men<\/option><option value=\"Zambie\">Zambie<\/option><option value=\"Zimbabwe\">Zimbabwe<\/option><\/select><\/span>\n\t\t<\/p>\n\t<\/div>\n<\/div>\n<div class=\"cf7row\">\n\t<div class=\"cf7column\" style=\"width:100%\">\n\t\t<p>Quel sont les travaux que vous souhaitez r\u00e9aliser?<span class=\"wpcf7-form-control-wrap\" data-name=\"your-message\"><textarea cols=\"3\" rows=\"4\" maxlength=\"2000\" class=\"wpcf7-form-control wpcf7-textarea\" aria-invalid=\"false\" placeholder=\"Quel sont les travaux que vous souhaitez r\u00e9aliser?\" name=\"your-message\"><\/textarea><\/span>\n\t\t<\/p>\n\t<\/div>\n<\/div>\n<div class=\"cf7row\">\n\t<div class=\"cf7column pj\" style=\"width:100%\">\n\t\t<p>Ajouter pi\u00e8ce jointe :<div id=\"mfcf7_zl_multifilecontainer\"><span class=\"mfcf7-zl-multiline-sample\" style=\"display:none\"><p class=\"wpcf7-form-control-wrap doc\"><input size=\"40\" class=\"wpcf7-form-control wpcf7-multilinefile\" multiple=\"multiple\" value=\"T\u00e9l\u00e9charger\" aria-invalid=\"false\" type=\"file\" name=\"doc[]\" \/> <span class=\"mfcf7-zl-multifile-name\"><\/span><a href=\"javascript:void(0);\" class=\"mfcf7_zl_delete_file\"><span class=\"delete-file\" aria-hidden=\"true\">&#x274C;<\/span><\/a><\/p><\/span><\/div><span class=\"wpcf7-form-control-wrap zl-form-control-wrap doc\"><input size=\"40\" class=\"wpcf7-form-control wpcf7-multilinefile\" multiple=\"multiple\" value=\"T\u00e9l\u00e9charger\" aria-invalid=\"false\" type=\"file\" name=\"doc[]\" \/> <span class=\"mfcf7-zl-multifile-name\"><\/span><a href=\"javascript:void(0);\" class=\"mfcf7_zl_delete_file\"><span class=\"delete-file\" aria-hidden=\"true\">&#x274C;<\/span><\/a><\/span><p><label><span class=\"wpcf7-form-control-wrap\" data-name=\"doc-zl-mfcf7-upld-btn\"><input type=\"button\" name=\"doc-zl-mfcf7-upld-btn\" class=\"button button-primary qbutton\" id=\"mfcf7_zl_add_file\" value=\"T\u00e9l\u00e9charger\"><\/span><\/label><\/p>\n\t\t<\/p>\n\t<\/div>\n<\/div>\n<span class=\"wpcf7-form-control-wrap recaptcha\" data-name=\"recaptcha\"><span data-sitekey=\"6LdzjgwdAAAAACv7b76ckR3BBPmwn4ynwdn1qtT1\" class=\"wpcf7-form-control wpcf7-recaptcha g-recaptcha\"><\/span>\r\n<noscript>\r\n\t<div class=\"grecaptcha-noscript\">\r\n\t\t<iframe src=\"https:\/\/www.google.com\/recaptcha\/api\/fallback?k=6LdzjgwdAAAAACv7b76ckR3BBPmwn4ynwdn1qtT1\" frameborder=\"0\" scrolling=\"no\" width=\"310\" height=\"430\">\r\n\t\t<\/iframe>\r\n\t\t<textarea name=\"g-recaptcha-response\" rows=\"3\" cols=\"40\" placeholder=\"reCaptcha Response Here\">\r\n\t\t<\/textarea>\r\n\t<\/div>\r\n<\/noscript>\r\n<\/span>\n<div class=\"cf7row\">\n\t<div class=\"cf7column\">\n\t\t<p><input class=\"wpcf7-form-control wpcf7-submit has-spinner\" type=\"submit\" value=\"Envoyer\" \/>\n\t\t<\/p>\n\t<\/div>\n\t<div class=\"cf7column reset\">\n\t\t<p><input type=\"reset\" value=\"Annuler\" \/>\n\t\t<\/p>\n\t<\/div>\n<\/div><input type='hidden' class='wpcf7-pum' value='{\"closepopup\":false,\"closedelay\":0,\"openpopup\":false,\"openpopup_id\":0}' \/><div class=\"wpcf7-response-output\" aria-hidden=\"true\"><\/div>\n<\/form>\n<\/div>\n<\/div><\/div><\/div><\/div><\/div><div class=\"vce-col vce-col--md-30p vce-col--xs-1 vce-col--xs-last vce-col--xs-first vce-col--sm-last vce-col--sm-first vce-col--md-last vce-col--lg-last vce-col--xl-last\" id=\"el-74a82873\"><div class=\"vce-col-inner\" data-vce-do-apply=\"border margin background  el-74a82873\"><div class=\"vce-col-content\" data-vce-element-content=\"true\" data-vce-do-apply=\"padding el-74a82873\"><div class=\"vce-shortcode pub-cote\"><div class=\"vce-shortcode-wrapper vce\" id=\"el-2c2703a1\" data-vce-do-apply=\"all el-2c2703a1\"><!-- Soit il n'y a pas de banni\u00e8res, ils sont desactiv\u00e9es ou pas qualifi\u00e9es pour cet endroit! --><\/div><\/div><\/div><\/div><\/div><\/div><\/div><\/div>\n","protected":false},"excerpt":{"rendered":"","protected":false},"author":3,"featured_media":0,"parent":0,"menu_order":0,"comment_status":"closed","ping_status":"closed","template":"","meta":{"footnotes":""},"class_list":["post-828","page","type-page","status-publish","hentry"],"_links":{"self":[{"href":"https:\/\/baosem.com\/site\/wp-json\/wp\/v2\/pages\/828","targetHints":{"allow":["GET"]}}],"collection":[{"href":"https:\/\/baosem.com\/site\/wp-json\/wp\/v2\/pages"}],"about":[{"href":"https:\/\/baosem.com\/site\/wp-json\/wp\/v2\/types\/page"}],"author":[{"embeddable":true,"href":"https:\/\/baosem.com\/site\/wp-json\/wp\/v2\/users\/3"}],"replies":[{"embeddable":true,"href":"https:\/\/baosem.com\/site\/wp-json\/wp\/v2\/comments?post=828"}],"version-history":[{"count":5,"href":"https:\/\/baosem.com\/site\/wp-json\/wp\/v2\/pages\/828\/revisions"}],"predecessor-version":[{"id":1241,"href":"https:\/\/baosem.com\/site\/wp-json\/wp\/v2\/pages\/828\/revisions\/1241"}],"wp:attachment":[{"href":"https:\/\/baosem.com\/site\/wp-json\/wp\/v2\/media?parent=828"}],"curies":[{"name":"wp","href":"https:\/\/api.w.org\/{rel}","templated":true}]}}